{"id":14145,"date":"2023-10-03T15:00:45","date_gmt":"2023-10-03T13:00:45","guid":{"rendered":"https:\/\/www.decibel-danse.com\/tarifs\/3-sessions-copy\/"},"modified":"2023-10-03T15:13:17","modified_gmt":"2023-10-03T13:13:17","slug":"5-sessions","status":"publish","type":"page","link":"https:\/\/www.decibel-danse.com\/en\/prices\/5-sessions\/","title":{"rendered":"5 sessions"},"content":{"rendered":"<div data-elementor-type=\"wp-page\" data-elementor-id=\"14145\" class=\"elementor elementor-14145\" data-elementor-post-type=\"page\">\n\t\t\t\t\t\t<section class=\"elementor-section elementor-top-section elementor-element elementor-element-5ef0a7a elementor-section-boxed elementor-section-height-default elementor-section-height-default\" data-id=\"5ef0a7a\" data-element_type=\"section\" data-e-type=\"section\" data-settings=\"{&quot;background_background&quot;:&quot;classic&quot;}\">\n\t\t\t\t\t\t<div class=\"elementor-container elementor-column-gap-default\">\n\t\t\t\t\t<div class=\"elementor-column elementor-col-100 elementor-top-column elementor-element elementor-element-caaa34a\" data-id=\"caaa34a\" data-element_type=\"column\" data-e-type=\"column\">\n\t\t\t<div class=\"elementor-widget-wrap elementor-element-populated\">\n\t\t\t\t\t\t<div class=\"elementor-element elementor-element-ee56eaf elementor-widget elementor-widget-heading\" data-id=\"ee56eaf\" data-element_type=\"widget\" data-e-type=\"widget\" data-widget_type=\"heading.default\">\n\t\t\t\t<div class=\"elementor-widget-container\">\n\t\t\t\t\t<h1 class=\"elementor-heading-title elementor-size-default\">To book<\/h1>\t\t\t\t<\/div>\n\t\t\t\t<\/div>\n\t\t\t\t<div class=\"elementor-element elementor-element-3bf455e elementor-widget elementor-widget-heading\" data-id=\"3bf455e\" data-element_type=\"widget\" data-e-type=\"widget\" data-widget_type=\"heading.default\">\n\t\t\t\t<div class=\"elementor-widget-container\">\n\t\t\t\t\t<h2 class=\"elementor-heading-title elementor-size-default\">5 sessions<\/h2>\t\t\t\t<\/div>\n\t\t\t\t<\/div>\n\t\t\t\t<div class=\"elementor-element elementor-element-81ce554 elementor-widget elementor-widget-text-editor\" data-id=\"81ce554\" data-element_type=\"widget\" data-e-type=\"widget\" data-widget_type=\"text-editor.default\">\n\t\t\t\t<div class=\"elementor-widget-container\">\n\t\t\t\t\t\t\t\t\t<p>Ce pack est valable valable 2 mois et peut \u00eatre partag\u00e9 \u00e0 plusieurs !<\/p>\t\t\t\t\t\t\t\t<\/div>\n\t\t\t\t<\/div>\n\t\t\t\t<div class=\"elementor-element elementor-element-50c638b btn-mobile elementor-align-center elementor-widget elementor-widget-button\" data-id=\"50c638b\" data-element_type=\"widget\" data-e-type=\"widget\" data-widget_type=\"button.default\">\n\t\t\t\t<div class=\"elementor-widget-container\">\n\t\t\t\t\t\t\t\t\t<div class=\"elementor-button-wrapper\">\n\t\t\t\t\t<a class=\"elementor-button elementor-button-link elementor-size-sm\" href=\"https:\/\/backoffice.bsport.io\/customer\/payment\/pass\/306284\/?membership=1801&#038;force=true\">\n\t\t\t\t\t\t<span class=\"elementor-button-content-wrapper\">\n\t\t\t\t\t\t\t\t\t<span class=\"elementor-button-text\">BUY<\/span>\n\t\t\t\t\t<\/span>\n\t\t\t\t\t<\/a>\n\t\t\t\t<\/div>\n\t\t\t\t\t\t\t\t<\/div>\n\t\t\t\t<\/div>\n\t\t\t\t\t<\/div>\n\t\t<\/div>\n\t\t\t\t\t<\/div>\n\t\t<\/section>\n\t\t\t\t<\/div>","protected":false},"excerpt":{"rendered":"<p>R\u00e9server 5 sessions Ce pack est valable valable 2 mois et peut \u00eatre partag\u00e9 \u00e0 plusieurs ! ACHETER<\/p>","protected":false},"author":9,"featured_media":0,"parent":7439,"menu_order":0,"comment_status":"closed","ping_status":"closed","template":"","meta":{"_acf_changed":false,"footnotes":""},"class_list":["post-14145","page","type-page","status-publish","hentry"],"acf":[],"yoast_head":"<!-- This site is optimized with the Yoast SEO plugin v27.4 - https:\/\/yoast.com\/product\/yoast-seo-wordpress\/ -->\n<title>5 sessions - Cours de danse Paris - Club dance adulte | DECIBEL Studio<\/title>\n<meta name=\"robots\" content=\"index, follow, max-snippet:-1, max-image-preview:large, max-video-preview:-1\" \/>\n<link rel=\"canonical\" href=\"https:\/\/www.decibel-danse.com\/en\/prices\/5-sessions\/\" \/>\n<meta property=\"og:locale\" content=\"en_GB\" \/>\n<meta property=\"og:type\" content=\"article\" \/>\n<meta property=\"og:title\" content=\"5 sessions - Cours de danse Paris - Club dance adulte | DECIBEL Studio\" \/>\n<meta property=\"og:description\" content=\"R\u00e9server 5 sessions Ce pack est valable valable 2 mois et peut \u00eatre partag\u00e9 \u00e0 plusieurs ! ACHETER\" \/>\n<meta property=\"og:url\" content=\"https:\/\/www.decibel-danse.com\/en\/prices\/5-sessions\/\" \/>\n<meta property=\"og:site_name\" content=\"Cours de danse Paris - Club dance adulte | DECIBEL Studio\" \/>\n<meta property=\"article:modified_time\" content=\"2023-10-03T13:13:17+00:00\" \/>\n<meta name=\"twitter:card\" content=\"summary_large_image\" \/>\n<meta name=\"twitter:label1\" content=\"Estimated reading time\" \/>\n\t<meta name=\"twitter:data1\" content=\"1 minute\" \/>\n<script type=\"application\/ld+json\" class=\"yoast-schema-graph\">{\"@context\":\"https:\\\/\\\/schema.org\",\"@graph\":[{\"@type\":\"WebPage\",\"@id\":\"https:\\\/\\\/www.decibel-danse.com\\\/tarifs\\\/5-sessions\\\/\",\"url\":\"https:\\\/\\\/www.decibel-danse.com\\\/tarifs\\\/5-sessions\\\/\",\"name\":\"5 sessions - Cours de danse Paris - Club dance adulte | DECIBEL Studio\",\"isPartOf\":{\"@id\":\"https:\\\/\\\/www.decibel-danse.com\\\/#website\"},\"datePublished\":\"2023-10-03T13:00:45+00:00\",\"dateModified\":\"2023-10-03T13:13:17+00:00\",\"breadcrumb\":{\"@id\":\"https:\\\/\\\/www.decibel-danse.com\\\/tarifs\\\/5-sessions\\\/#breadcrumb\"},\"inLanguage\":\"en-GB\",\"potentialAction\":[{\"@type\":\"ReadAction\",\"target\":[\"https:\\\/\\\/www.decibel-danse.com\\\/tarifs\\\/5-sessions\\\/\"]}]},{\"@type\":\"BreadcrumbList\",\"@id\":\"https:\\\/\\\/www.decibel-danse.com\\\/tarifs\\\/5-sessions\\\/#breadcrumb\",\"itemListElement\":[{\"@type\":\"ListItem\",\"position\":1,\"name\":\"Accueil\",\"item\":\"https:\\\/\\\/www.decibel-danse.com\\\/\"},{\"@type\":\"ListItem\",\"position\":2,\"name\":\"Tarifs\",\"item\":\"https:\\\/\\\/www.decibel-danse.com\\\/tarifs\\\/\"},{\"@type\":\"ListItem\",\"position\":3,\"name\":\"5 sessions\"}]},{\"@type\":\"WebSite\",\"@id\":\"https:\\\/\\\/www.decibel-danse.com\\\/#website\",\"url\":\"https:\\\/\\\/www.decibel-danse.com\\\/\",\"name\":\"Cours de danse Paris - Club dance adulte | DECIBEL Studio\",\"description\":\"\",\"publisher\":{\"@id\":\"https:\\\/\\\/www.decibel-danse.com\\\/#organization\"},\"potentialAction\":[{\"@type\":\"SearchAction\",\"target\":{\"@type\":\"EntryPoint\",\"urlTemplate\":\"https:\\\/\\\/www.decibel-danse.com\\\/?s={search_term_string}\"},\"query-input\":{\"@type\":\"PropertyValueSpecification\",\"valueRequired\":true,\"valueName\":\"search_term_string\"}}],\"inLanguage\":\"en-GB\"},{\"@type\":\"Organization\",\"@id\":\"https:\\\/\\\/www.decibel-danse.com\\\/#organization\",\"name\":\"Cours de danse Paris - Club dance adulte | DECIBEL Studio\",\"url\":\"https:\\\/\\\/www.decibel-danse.com\\\/\",\"logo\":{\"@type\":\"ImageObject\",\"inLanguage\":\"en-GB\",\"@id\":\"https:\\\/\\\/www.decibel-danse.com\\\/#\\\/schema\\\/logo\\\/image\\\/\",\"url\":\"https:\\\/\\\/www.decibel-danse.com\\\/wp-content\\\/uploads\\\/2022\\\/10\\\/decibel.svg\",\"contentUrl\":\"https:\\\/\\\/www.decibel-danse.com\\\/wp-content\\\/uploads\\\/2022\\\/10\\\/decibel.svg\",\"caption\":\"Cours de danse Paris - Club dance adulte | DECIBEL Studio\"},\"image\":{\"@id\":\"https:\\\/\\\/www.decibel-danse.com\\\/#\\\/schema\\\/logo\\\/image\\\/\"},\"sameAs\":[\"https:\\\/\\\/www.instagram.com\\\/decibel___studio\\\/\"]}]}<\/script>\n<!-- \/ Yoast SEO plugin. -->","yoast_head_json":{"title":"5 sessions - Cours de danse Paris - Club dance adulte | DECIBEL Studio","robots":{"index":"index","follow":"follow","max-snippet":"max-snippet:-1","max-image-preview":"max-image-preview:large","max-video-preview":"max-video-preview:-1"},"canonical":"https:\/\/www.decibel-danse.com\/en\/prices\/5-sessions\/","og_locale":"en_GB","og_type":"article","og_title":"5 sessions - Cours de danse Paris - Club dance adulte | DECIBEL Studio","og_description":"R\u00e9server 5 sessions Ce pack est valable valable 2 mois et peut \u00eatre partag\u00e9 \u00e0 plusieurs ! ACHETER","og_url":"https:\/\/www.decibel-danse.com\/en\/prices\/5-sessions\/","og_site_name":"Cours de danse Paris - Club dance adulte | DECIBEL Studio","article_modified_time":"2023-10-03T13:13:17+00:00","twitter_card":"summary_large_image","twitter_misc":{"Estimated reading time":"1 minute"},"schema":{"@context":"https:\/\/schema.org","@graph":[{"@type":"WebPage","@id":"https:\/\/www.decibel-danse.com\/tarifs\/5-sessions\/","url":"https:\/\/www.decibel-danse.com\/tarifs\/5-sessions\/","name":"5 sessions - Cours de danse Paris - Club dance adulte | DECIBEL Studio","isPartOf":{"@id":"https:\/\/www.decibel-danse.com\/#website"},"datePublished":"2023-10-03T13:00:45+00:00","dateModified":"2023-10-03T13:13:17+00:00","breadcrumb":{"@id":"https:\/\/www.decibel-danse.com\/tarifs\/5-sessions\/#breadcrumb"},"inLanguage":"en-GB","potentialAction":[{"@type":"ReadAction","target":["https:\/\/www.decibel-danse.com\/tarifs\/5-sessions\/"]}]},{"@type":"BreadcrumbList","@id":"https:\/\/www.decibel-danse.com\/tarifs\/5-sessions\/#breadcrumb","itemListElement":[{"@type":"ListItem","position":1,"name":"Accueil","item":"https:\/\/www.decibel-danse.com\/"},{"@type":"ListItem","position":2,"name":"Tarifs","item":"https:\/\/www.decibel-danse.com\/tarifs\/"},{"@type":"ListItem","position":3,"name":"5 sessions"}]},{"@type":"WebSite","@id":"https:\/\/www.decibel-danse.com\/#website","url":"https:\/\/www.decibel-danse.com\/","name":"Dance lessons Paris - Adult dance club | DECIBEL Studio","description":"","publisher":{"@id":"https:\/\/www.decibel-danse.com\/#organization"},"potentialAction":[{"@type":"SearchAction","target":{"@type":"EntryPoint","urlTemplate":"https:\/\/www.decibel-danse.com\/?s={search_term_string}"},"query-input":{"@type":"PropertyValueSpecification","valueRequired":true,"valueName":"search_term_string"}}],"inLanguage":"en-GB"},{"@type":"Organization","@id":"https:\/\/www.decibel-danse.com\/#organization","name":"Dance lessons Paris - Adult dance club | DECIBEL Studio","url":"https:\/\/www.decibel-danse.com\/","logo":{"@type":"ImageObject","inLanguage":"en-GB","@id":"https:\/\/www.decibel-danse.com\/#\/schema\/logo\/image\/","url":"https:\/\/www.decibel-danse.com\/wp-content\/uploads\/2022\/10\/decibel.svg","contentUrl":"https:\/\/www.decibel-danse.com\/wp-content\/uploads\/2022\/10\/decibel.svg","caption":"Cours de danse Paris - Club dance adulte | DECIBEL Studio"},"image":{"@id":"https:\/\/www.decibel-danse.com\/#\/schema\/logo\/image\/"},"sameAs":["https:\/\/www.instagram.com\/decibel___studio\/"]}]}},"jetpack_sharing_enabled":true,"publishpress_future_action":{"enabled":false,"date":"2026-04-21 21:26:32","action":"change-status","newStatus":"draft","terms":[],"taxonomy":"","extraData":[]},"publishpress_future_workflow_manual_trigger":{"enabledWorkflows":[]},"_links":{"self":[{"href":"https:\/\/www.decibel-danse.com\/en\/wp-json\/wp\/v2\/pages\/14145","targetHints":{"allow":["GET"]}}],"collection":[{"href":"https:\/\/www.decibel-danse.com\/en\/wp-json\/wp\/v2\/pages"}],"about":[{"href":"https:\/\/www.decibel-danse.com\/en\/wp-json\/wp\/v2\/types\/page"}],"author":[{"embeddable":true,"href":"https:\/\/www.decibel-danse.com\/en\/wp-json\/wp\/v2\/users\/9"}],"replies":[{"embeddable":true,"href":"https:\/\/www.decibel-danse.com\/en\/wp-json\/wp\/v2\/comments?post=14145"}],"version-history":[{"count":0,"href":"https:\/\/www.decibel-danse.com\/en\/wp-json\/wp\/v2\/pages\/14145\/revisions"}],"up":[{"embeddable":true,"href":"https:\/\/www.decibel-danse.com\/en\/wp-json\/wp\/v2\/pages\/7439"}],"wp:attachment":[{"href":"https:\/\/www.decibel-danse.com\/en\/wp-json\/wp\/v2\/media?parent=14145"}],"curies":[{"name":"wp","href":"https:\/\/api.w.org\/{rel}","templated":true}]}}