{"id":16736,"date":"2024-05-29T14:13:34","date_gmt":"2024-05-29T12:13:34","guid":{"rendered":"https:\/\/www.decibel-danse.com\/?page_id=16736"},"modified":"2024-06-27T10:22:56","modified_gmt":"2024-06-27T08:22:56","slug":"abonnement-14-credits-engagement-6-mois","status":"publish","type":"page","link":"https:\/\/www.decibel-danse.com\/en\/abonnement-14-credits-engagement-6-mois\/","title":{"rendered":"Subscription \u2013 14 credits \u2013 6 month commitment"},"content":{"rendered":"<div data-elementor-type=\"wp-page\" data-elementor-id=\"16736\" class=\"elementor elementor-16736\" data-elementor-post-type=\"page\">\n\t\t\t\t\t\t<section class=\"elementor-section elementor-top-section elementor-element elementor-element-5ef0a7a elementor-section-boxed elementor-section-height-default elementor-section-height-default\" data-id=\"5ef0a7a\" data-element_type=\"section\" data-e-type=\"section\" data-settings=\"{&quot;background_background&quot;:&quot;classic&quot;}\">\n\t\t\t\t\t\t<div class=\"elementor-container elementor-column-gap-default\">\n\t\t\t\t\t<div class=\"elementor-column elementor-col-100 elementor-top-column elementor-element elementor-element-caaa34a\" data-id=\"caaa34a\" data-element_type=\"column\" data-e-type=\"column\">\n\t\t\t<div class=\"elementor-widget-wrap elementor-element-populated\">\n\t\t\t\t\t\t<div class=\"elementor-element elementor-element-ee56eaf elementor-widget elementor-widget-heading\" data-id=\"ee56eaf\" data-element_type=\"widget\" data-e-type=\"widget\" data-widget_type=\"heading.default\">\n\t\t\t\t<div class=\"elementor-widget-container\">\n\t\t\t\t\t<h1 class=\"elementor-heading-title elementor-size-default\">To book<\/h1>\t\t\t\t<\/div>\n\t\t\t\t<\/div>\n\t\t\t\t<div class=\"elementor-element elementor-element-3bf455e elementor-widget elementor-widget-heading\" data-id=\"3bf455e\" data-element_type=\"widget\" data-e-type=\"widget\" data-widget_type=\"heading.default\">\n\t\t\t\t<div class=\"elementor-widget-container\">\n\t\t\t\t\t<h2 class=\"elementor-heading-title elementor-size-default\">14 credits \/ week - 6 month commitment<\/h2>\t\t\t\t<\/div>\n\t\t\t\t<\/div>\n\t\t\t\t<div class=\"elementor-element elementor-element-81ce554 elementor-widget elementor-widget-text-editor\" data-id=\"81ce554\" data-element_type=\"widget\" data-e-type=\"widget\" data-widget_type=\"text-editor.default\">\n\t\t\t\t<div class=\"elementor-widget-container\">\n\t\t\t\t\t\t\t\t\t<ul><li style=\"text-align: left;\">Weekly withdrawal, automatically renewed every 7 days.<\/li><li style=\"text-align: left;\">6 month commitment.<\/li><li style=\"text-align: left;\">Credits valid for 4 weeks.<\/li><li style=\"text-align: left;\">Usable in all Sanctuary concepts<\/li><li style=\"text-align: left;\">Following the commitment period, the subscription is renewed monthly by tacit agreement and can be canceled at any time.<\/li><\/ul>\t\t\t\t\t\t\t\t<\/div>\n\t\t\t\t<\/div>\n\t\t\t\t<div class=\"elementor-element elementor-element-50c638b btn-mobile elementor-align-center elementor-widget elementor-widget-button\" data-id=\"50c638b\" data-element_type=\"widget\" data-e-type=\"widget\" data-widget_type=\"button.default\">\n\t\t\t\t<div class=\"elementor-widget-container\">\n\t\t\t\t\t\t\t\t\t<div class=\"elementor-button-wrapper\">\n\t\t\t\t\t<a class=\"elementor-button elementor-button-link elementor-size-sm\" href=\"https:\/\/backoffice.bsport.io\/checkout\/2073\/subscription\/16828?force=true\">\n\t\t\t\t\t\t<span class=\"elementor-button-content-wrapper\">\n\t\t\t\t\t\t\t\t\t<span class=\"elementor-button-text\">I subscribe<\/span>\n\t\t\t\t\t<\/span>\n\t\t\t\t\t<\/a>\n\t\t\t\t<\/div>\n\t\t\t\t\t\t\t\t<\/div>\n\t\t\t\t<\/div>\n\t\t\t\t\t<\/div>\n\t\t<\/div>\n\t\t\t\t\t<\/div>\n\t\t<\/section>\n\t\t\t\t<\/div>","protected":false},"excerpt":{"rendered":"<p>Reserve 14 credits \/ week \u2013 6-month commitment Weekly payment, automatically renewed every 7 days. 6-month commitment. Credits valid for 4 weeks. Usable in all Sanctuary concepts Following the commitment period, the subscription is renewed monthly by tacit agreement and can be canceled at any time. I subscribe<\/p>","protected":false},"author":9,"featured_media":0,"parent":0,"menu_order":0,"comment_status":"closed","ping_status":"closed","template":"","meta":{"_acf_changed":false,"footnotes":""},"class_list":["post-16736","page","type-page","status-publish","hentry"],"acf":[],"yoast_head":"<!-- This site is optimized with the Yoast SEO plugin v27.4 - https:\/\/yoast.com\/product\/yoast-seo-wordpress\/ -->\n<title>Abonnement - 14 cr\u00e9dits - Engagement 6 mois - Cours de danse Paris - Club dance adulte | DECIBEL Studio<\/title>\n<meta name=\"robots\" content=\"index, follow, max-snippet:-1, max-image-preview:large, max-video-preview:-1\" \/>\n<link rel=\"canonical\" href=\"https:\/\/www.decibel-danse.com\/en\/abonnement-14-credits-engagement-6-mois\/\" \/>\n<meta property=\"og:locale\" content=\"en_GB\" \/>\n<meta property=\"og:type\" content=\"article\" \/>\n<meta property=\"og:title\" content=\"Abonnement - 14 cr\u00e9dits - Engagement 6 mois - Cours de danse Paris - Club dance adulte | DECIBEL Studio\" \/>\n<meta property=\"og:description\" content=\"R\u00e9server 14 cr\u00e9dits \/ semaine &#8211; Engagement 6 mois Pr\u00e9l\u00e8vement hebdomadaire, renouvel\u00e9 automatiquement tous les 7 jours. Engagement 6 mois. Cr\u00e9dits valables 4 semaines. Utilisable dans tous les concepts Sanctuary Suite \u00e0 la p\u00e9riode d\u2019engagement, l&rsquo;abonnement est reconduit mensuellement par tacite reconduction et est r\u00e9siliable \u00e0 tout moment. Je m&rsquo;abonne\" \/>\n<meta property=\"og:url\" content=\"https:\/\/www.decibel-danse.com\/en\/abonnement-14-credits-engagement-6-mois\/\" \/>\n<meta property=\"og:site_name\" content=\"Cours de danse Paris - Club dance adulte | DECIBEL Studio\" \/>\n<meta property=\"article:modified_time\" content=\"2024-06-27T08:22:56+00:00\" \/>\n<meta name=\"twitter:card\" content=\"summary_large_image\" \/>\n<meta name=\"twitter:label1\" content=\"Estimated reading time\" \/>\n\t<meta name=\"twitter:data1\" content=\"1 minute\" \/>\n<script type=\"application\/ld+json\" class=\"yoast-schema-graph\">{\"@context\":\"https:\\\/\\\/schema.org\",\"@graph\":[{\"@type\":\"WebPage\",\"@id\":\"https:\\\/\\\/www.decibel-danse.com\\\/abonnement-14-credits-engagement-6-mois\\\/\",\"url\":\"https:\\\/\\\/www.decibel-danse.com\\\/abonnement-14-credits-engagement-6-mois\\\/\",\"name\":\"Abonnement - 14 cr\u00e9dits - Engagement 6 mois - Cours de danse Paris - Club dance adulte | DECIBEL Studio\",\"isPartOf\":{\"@id\":\"https:\\\/\\\/www.decibel-danse.com\\\/#website\"},\"datePublished\":\"2024-05-29T12:13:34+00:00\",\"dateModified\":\"2024-06-27T08:22:56+00:00\",\"breadcrumb\":{\"@id\":\"https:\\\/\\\/www.decibel-danse.com\\\/abonnement-14-credits-engagement-6-mois\\\/#breadcrumb\"},\"inLanguage\":\"en-GB\",\"potentialAction\":[{\"@type\":\"ReadAction\",\"target\":[\"https:\\\/\\\/www.decibel-danse.com\\\/abonnement-14-credits-engagement-6-mois\\\/\"]}]},{\"@type\":\"BreadcrumbList\",\"@id\":\"https:\\\/\\\/www.decibel-danse.com\\\/abonnement-14-credits-engagement-6-mois\\\/#breadcrumb\",\"itemListElement\":[{\"@type\":\"ListItem\",\"position\":1,\"name\":\"Accueil\",\"item\":\"https:\\\/\\\/www.decibel-danse.com\\\/\"},{\"@type\":\"ListItem\",\"position\":2,\"name\":\"Abonnement &#8211; 14 cr\u00e9dits &#8211; Engagement 6 mois\"}]},{\"@type\":\"WebSite\",\"@id\":\"https:\\\/\\\/www.decibel-danse.com\\\/#website\",\"url\":\"https:\\\/\\\/www.decibel-danse.com\\\/\",\"name\":\"Cours de danse Paris - Club dance adulte | DECIBEL Studio\",\"description\":\"\",\"publisher\":{\"@id\":\"https:\\\/\\\/www.decibel-danse.com\\\/#organization\"},\"potentialAction\":[{\"@type\":\"SearchAction\",\"target\":{\"@type\":\"EntryPoint\",\"urlTemplate\":\"https:\\\/\\\/www.decibel-danse.com\\\/?s={search_term_string}\"},\"query-input\":{\"@type\":\"PropertyValueSpecification\",\"valueRequired\":true,\"valueName\":\"search_term_string\"}}],\"inLanguage\":\"en-GB\"},{\"@type\":\"Organization\",\"@id\":\"https:\\\/\\\/www.decibel-danse.com\\\/#organization\",\"name\":\"Cours de danse Paris - Club dance adulte | DECIBEL Studio\",\"url\":\"https:\\\/\\\/www.decibel-danse.com\\\/\",\"logo\":{\"@type\":\"ImageObject\",\"inLanguage\":\"en-GB\",\"@id\":\"https:\\\/\\\/www.decibel-danse.com\\\/#\\\/schema\\\/logo\\\/image\\\/\",\"url\":\"https:\\\/\\\/www.decibel-danse.com\\\/wp-content\\\/uploads\\\/2022\\\/10\\\/decibel.svg\",\"contentUrl\":\"https:\\\/\\\/www.decibel-danse.com\\\/wp-content\\\/uploads\\\/2022\\\/10\\\/decibel.svg\",\"caption\":\"Cours de danse Paris - Club dance adulte | DECIBEL Studio\"},\"image\":{\"@id\":\"https:\\\/\\\/www.decibel-danse.com\\\/#\\\/schema\\\/logo\\\/image\\\/\"},\"sameAs\":[\"https:\\\/\\\/www.instagram.com\\\/decibel___studio\\\/\"]}]}<\/script>\n<!-- \/ Yoast SEO plugin. -->","yoast_head_json":{"title":"Abonnement - 14 cr\u00e9dits - Engagement 6 mois - Cours de danse Paris - Club dance adulte | DECIBEL Studio","robots":{"index":"index","follow":"follow","max-snippet":"max-snippet:-1","max-image-preview":"max-image-preview:large","max-video-preview":"max-video-preview:-1"},"canonical":"https:\/\/www.decibel-danse.com\/en\/abonnement-14-credits-engagement-6-mois\/","og_locale":"en_GB","og_type":"article","og_title":"Abonnement - 14 cr\u00e9dits - Engagement 6 mois - Cours de danse Paris - Club dance adulte | DECIBEL Studio","og_description":"R\u00e9server 14 cr\u00e9dits \/ semaine &#8211; Engagement 6 mois Pr\u00e9l\u00e8vement hebdomadaire, renouvel\u00e9 automatiquement tous les 7 jours. Engagement 6 mois. Cr\u00e9dits valables 4 semaines. Utilisable dans tous les concepts Sanctuary Suite \u00e0 la p\u00e9riode d\u2019engagement, l&rsquo;abonnement est reconduit mensuellement par tacite reconduction et est r\u00e9siliable \u00e0 tout moment. Je m&rsquo;abonne","og_url":"https:\/\/www.decibel-danse.com\/en\/abonnement-14-credits-engagement-6-mois\/","og_site_name":"Cours de danse Paris - Club dance adulte | DECIBEL Studio","article_modified_time":"2024-06-27T08:22:56+00:00","twitter_card":"summary_large_image","twitter_misc":{"Estimated reading time":"1 minute"},"schema":{"@context":"https:\/\/schema.org","@graph":[{"@type":"WebPage","@id":"https:\/\/www.decibel-danse.com\/abonnement-14-credits-engagement-6-mois\/","url":"https:\/\/www.decibel-danse.com\/abonnement-14-credits-engagement-6-mois\/","name":"Abonnement - 14 cr\u00e9dits - Engagement 6 mois - Cours de danse Paris - Club dance adulte | DECIBEL Studio","isPartOf":{"@id":"https:\/\/www.decibel-danse.com\/#website"},"datePublished":"2024-05-29T12:13:34+00:00","dateModified":"2024-06-27T08:22:56+00:00","breadcrumb":{"@id":"https:\/\/www.decibel-danse.com\/abonnement-14-credits-engagement-6-mois\/#breadcrumb"},"inLanguage":"en-GB","potentialAction":[{"@type":"ReadAction","target":["https:\/\/www.decibel-danse.com\/abonnement-14-credits-engagement-6-mois\/"]}]},{"@type":"BreadcrumbList","@id":"https:\/\/www.decibel-danse.com\/abonnement-14-credits-engagement-6-mois\/#breadcrumb","itemListElement":[{"@type":"ListItem","position":1,"name":"Accueil","item":"https:\/\/www.decibel-danse.com\/"},{"@type":"ListItem","position":2,"name":"Abonnement &#8211; 14 cr\u00e9dits &#8211; Engagement 6 mois"}]},{"@type":"WebSite","@id":"https:\/\/www.decibel-danse.com\/#website","url":"https:\/\/www.decibel-danse.com\/","name":"Dance lessons Paris - Adult dance club | DECIBEL Studio","description":"","publisher":{"@id":"https:\/\/www.decibel-danse.com\/#organization"},"potentialAction":[{"@type":"SearchAction","target":{"@type":"EntryPoint","urlTemplate":"https:\/\/www.decibel-danse.com\/?s={search_term_string}"},"query-input":{"@type":"PropertyValueSpecification","valueRequired":true,"valueName":"search_term_string"}}],"inLanguage":"en-GB"},{"@type":"Organization","@id":"https:\/\/www.decibel-danse.com\/#organization","name":"Dance lessons Paris - Adult dance club | DECIBEL Studio","url":"https:\/\/www.decibel-danse.com\/","logo":{"@type":"ImageObject","inLanguage":"en-GB","@id":"https:\/\/www.decibel-danse.com\/#\/schema\/logo\/image\/","url":"https:\/\/www.decibel-danse.com\/wp-content\/uploads\/2022\/10\/decibel.svg","contentUrl":"https:\/\/www.decibel-danse.com\/wp-content\/uploads\/2022\/10\/decibel.svg","caption":"Cours de danse Paris - Club dance adulte | DECIBEL Studio"},"image":{"@id":"https:\/\/www.decibel-danse.com\/#\/schema\/logo\/image\/"},"sameAs":["https:\/\/www.instagram.com\/decibel___studio\/"]}]}},"jetpack_sharing_enabled":true,"publishpress_future_action":{"enabled":false,"date":"2026-04-24 04:29:33","action":"change-status","newStatus":"draft","terms":[],"taxonomy":"","extraData":[]},"publishpress_future_workflow_manual_trigger":{"enabledWorkflows":[]},"_links":{"self":[{"href":"https:\/\/www.decibel-danse.com\/en\/wp-json\/wp\/v2\/pages\/16736","targetHints":{"allow":["GET"]}}],"collection":[{"href":"https:\/\/www.decibel-danse.com\/en\/wp-json\/wp\/v2\/pages"}],"about":[{"href":"https:\/\/www.decibel-danse.com\/en\/wp-json\/wp\/v2\/types\/page"}],"author":[{"embeddable":true,"href":"https:\/\/www.decibel-danse.com\/en\/wp-json\/wp\/v2\/users\/9"}],"replies":[{"embeddable":true,"href":"https:\/\/www.decibel-danse.com\/en\/wp-json\/wp\/v2\/comments?post=16736"}],"version-history":[{"count":0,"href":"https:\/\/www.decibel-danse.com\/en\/wp-json\/wp\/v2\/pages\/16736\/revisions"}],"wp:attachment":[{"href":"https:\/\/www.decibel-danse.com\/en\/wp-json\/wp\/v2\/media?parent=16736"}],"curies":[{"name":"wp","href":"https:\/\/api.w.org\/{rel}","templated":true}]}}