{"id":18898,"date":"2025-01-09T11:59:16","date_gmt":"2025-01-09T10:59:16","guid":{"rendered":"https:\/\/www.decibel-danse.com\/nos-coachs\/yaya-copy\/"},"modified":"2025-01-09T14:30:18","modified_gmt":"2025-01-09T13:30:18","slug":"valentina","status":"publish","type":"page","link":"https:\/\/www.decibel-danse.com\/en\/our-coaches\/valentina\/","title":{"rendered":"VALENTINA"},"content":{"rendered":"<div data-elementor-type=\"wp-page\" data-elementor-id=\"18898\" class=\"elementor elementor-18898\" data-elementor-post-type=\"page\">\n\t\t\t\t\t\t<section class=\"elementor-section elementor-top-section elementor-element elementor-element-9f73301 elementor-section-boxed elementor-section-height-default elementor-section-height-default\" data-id=\"9f73301\" data-element_type=\"section\" data-e-type=\"section\">\n\t\t\t\t\t\t<div class=\"elementor-container elementor-column-gap-default\">\n\t\t\t\t\t<div class=\"elementor-column elementor-col-100 elementor-top-column elementor-element elementor-element-0bb6611\" data-id=\"0bb6611\" data-element_type=\"column\" data-e-type=\"column\" data-settings=\"{&quot;background_background&quot;:&quot;classic&quot;}\">\n\t\t\t<div class=\"elementor-widget-wrap elementor-element-populated\">\n\t\t\t\t\t\t<section class=\"elementor-section elementor-inner-section elementor-element elementor-element-02fb360 elementor-section-full_width elementor-section-height-default elementor-section-height-default\" data-id=\"02fb360\" data-element_type=\"section\" data-e-type=\"section\">\n\t\t\t\t\t\t<div class=\"elementor-container elementor-column-gap-default\">\n\t\t\t\t\t<div class=\"elementor-column elementor-col-50 elementor-inner-column elementor-element elementor-element-dbed856\" data-id=\"dbed856\" data-element_type=\"column\" data-e-type=\"column\" data-settings=\"{&quot;background_background&quot;:&quot;classic&quot;}\">\n\t\t\t<div class=\"elementor-widget-wrap elementor-element-populated\">\n\t\t\t\t\t\t<div class=\"elementor-element elementor-element-666f41a elementor-widget elementor-widget-image\" data-id=\"666f41a\" data-element_type=\"widget\" data-e-type=\"widget\" data-widget_type=\"image.default\">\n\t\t\t\t<div class=\"elementor-widget-container\">\n\t\t\t\t\t\t\t\t\t\t\t\t\t\t\t<img fetchpriority=\"high\" decoding=\"async\" width=\"800\" height=\"904\" src=\"https:\/\/www.decibel-danse.com\/wp-content\/uploads\/2025\/01\/VALENTINA-PHOTO-PAGE-906x1024.png\" class=\"attachment-large size-large wp-image-18892\" alt=\"Coach\" srcset=\"https:\/\/www.decibel-danse.com\/wp-content\/uploads\/2025\/01\/VALENTINA-PHOTO-PAGE-906x1024.png 906w, https:\/\/www.decibel-danse.com\/wp-content\/uploads\/2025\/01\/VALENTINA-PHOTO-PAGE-265x300.png 265w, https:\/\/www.decibel-danse.com\/wp-content\/uploads\/2025\/01\/VALENTINA-PHOTO-PAGE-768x868.png 768w, https:\/\/www.decibel-danse.com\/wp-content\/uploads\/2025\/01\/VALENTINA-PHOTO-PAGE-1359x1536.png 1359w, https:\/\/www.decibel-danse.com\/wp-content\/uploads\/2025\/01\/VALENTINA-PHOTO-PAGE-1812x2048.png 1812w, https:\/\/www.decibel-danse.com\/wp-content\/uploads\/2025\/01\/VALENTINA-PHOTO-PAGE-11x12.png 11w, https:\/\/www.decibel-danse.com\/wp-content\/uploads\/2025\/01\/VALENTINA-PHOTO-PAGE.png 2000w\" sizes=\"(max-width: 800px) 100vw, 800px\" \/>\t\t\t\t\t\t\t\t\t\t\t\t\t\t\t<\/div>\n\t\t\t\t<\/div>\n\t\t\t\t\t<\/div>\n\t\t<\/div>\n\t\t\t\t<div class=\"elementor-column elementor-col-50 elementor-inner-column elementor-element elementor-element-b503702\" data-id=\"b503702\" data-element_type=\"column\" data-e-type=\"column\">\n\t\t\t<div class=\"elementor-widget-wrap elementor-element-populated\">\n\t\t\t\t\t\t<div class=\"elementor-element elementor-element-eedf234 elementor-widget elementor-widget-heading\" data-id=\"eedf234\" data-element_type=\"widget\" data-e-type=\"widget\" data-widget_type=\"heading.default\">\n\t\t\t\t<div class=\"elementor-widget-container\">\n\t\t\t\t\t<h1 class=\"elementor-heading-title elementor-size-default\">VALENTINA<\/h1>\t\t\t\t<\/div>\n\t\t\t\t<\/div>\n\t\t\t\t<div class=\"elementor-element elementor-element-89cccb3 elementor-widget elementor-widget-text-editor\" data-id=\"89cccb3\" data-element_type=\"widget\" data-e-type=\"widget\" data-widget_type=\"text-editor.default\">\n\t\t\t\t<div class=\"elementor-widget-container\">\n\t\t\t\t\t\t\t\t\t<p>Originally from Colombia, Valentina embodies energy, passion and movement. She's got what it takes in her blood to get you moving - you can trust her!<\/p><p>A professional dancer for 10 years and a keen sportswoman, she uses these two worlds as a means of elevating herself and staying in constant evolution.<\/p><p>With her, each session is an opportunity to surpass yourself, get to know your body and connect with the music.<\/p><p>She's waiting to set the dancefloor alight and give you the best 45 minutes of your day!<\/p>\t\t\t\t\t\t\t\t<\/div>\n\t\t\t\t<\/div>\n\t\t\t\t<div class=\"elementor-element elementor-element-87ecad8 elementor-widget elementor-widget-heading\" data-id=\"87ecad8\" data-element_type=\"widget\" data-e-type=\"widget\" data-widget_type=\"heading.default\">\n\t\t\t\t<div class=\"elementor-widget-container\">\n\t\t\t\t\t<h3 class=\"elementor-heading-title elementor-size-default\">His mantra<\/h3>\t\t\t\t<\/div>\n\t\t\t\t<\/div>\n\t\t\t\t<div class=\"elementor-element elementor-element-a0b7602 elementor-widget elementor-widget-text-editor\" data-id=\"a0b7602\" data-element_type=\"widget\" data-e-type=\"widget\" data-widget_type=\"text-editor.default\">\n\t\t\t\t<div class=\"elementor-widget-container\">\n\t\t\t\t\t\t\t\t\t<p><span data-sheets-root=\"1\">Unlimited determination <\/span><\/p>\t\t\t\t\t\t\t\t<\/div>\n\t\t\t\t<\/div>\n\t\t\t\t<div class=\"elementor-element elementor-element-658393e btn-mobile elementor-widget__width-auto elementor-widget elementor-widget-button\" data-id=\"658393e\" data-element_type=\"widget\" data-e-type=\"widget\" data-widget_type=\"button.default\">\n\t\t\t\t<div class=\"elementor-widget-container\">\n\t\t\t\t\t\t\t\t\t<div class=\"elementor-button-wrapper\">\n\t\t\t\t\t<a class=\"elementor-button elementor-button-link elementor-size-sm\" href=\"https:\/\/www.decibel-danse.com\/en\/valentinas-plan\/\">\n\t\t\t\t\t\t<span class=\"elementor-button-content-wrapper\">\n\t\t\t\t\t\t\t\t\t<span class=\"elementor-button-text\">Book with Valentina<\/span>\n\t\t\t\t\t<\/span>\n\t\t\t\t\t<\/a>\n\t\t\t\t<\/div>\n\t\t\t\t\t\t\t\t<\/div>\n\t\t\t\t<\/div>\n\t\t\t\t<div class=\"elementor-element elementor-element-a74cf56 elementor-view-framed elementor-widget__width-auto elementor-shape-circle elementor-widget elementor-widget-icon\" data-id=\"a74cf56\" data-element_type=\"widget\" data-e-type=\"widget\" data-widget_type=\"icon.default\">\n\t\t\t\t<div class=\"elementor-widget-container\">\n\t\t\t\t\t\t\t<div class=\"elementor-icon-wrapper\">\n\t\t\t<a class=\"elementor-icon\" href=\"https:\/\/www.instagram.com\/valeflor\" target=\"_blank\">\n\t\t\t<i aria-hidden=\"true\" class=\"fab fa-instagram\"><\/i>\t\t\t<\/a>\n\t\t<\/div>\n\t\t\t\t\t\t<\/div>\n\t\t\t\t<\/div>\n\t\t\t\t\t<\/div>\n\t\t<\/div>\n\t\t\t\t\t<\/div>\n\t\t<\/section>\n\t\t\t\t<section class=\"elementor-section elementor-inner-section elementor-element elementor-element-1ad6d5f about-coach elementor-section-boxed elementor-section-height-default elementor-section-height-default\" data-id=\"1ad6d5f\" data-element_type=\"section\" data-e-type=\"section\">\n\t\t\t\t\t\t<div class=\"elementor-container elementor-column-gap-default\">\n\t\t\t\t\t<div class=\"elementor-column elementor-col-33 elementor-inner-column elementor-element elementor-element-cc01ac0\" data-id=\"cc01ac0\" data-element_type=\"column\" data-e-type=\"column\" data-settings=\"{&quot;background_background&quot;:&quot;classic&quot;}\">\n\t\t\t<div class=\"elementor-widget-wrap elementor-element-populated\">\n\t\t\t\t\t\t<div class=\"elementor-element elementor-element-f99ee2a elementor-widget elementor-widget-heading\" data-id=\"f99ee2a\" data-element_type=\"widget\" data-e-type=\"widget\" data-widget_type=\"heading.default\">\n\t\t\t\t<div class=\"elementor-widget-container\">\n\t\t\t\t\t<p class=\"elementor-heading-title elementor-size-default\">A place ?<\/p>\t\t\t\t<\/div>\n\t\t\t\t<\/div>\n\t\t\t\t<div class=\"elementor-element elementor-element-8d223ca elementor-widget elementor-widget-heading\" data-id=\"8d223ca\" data-element_type=\"widget\" data-e-type=\"widget\" data-widget_type=\"heading.default\">\n\t\t\t\t<div class=\"elementor-widget-container\">\n\t\t\t\t\t<h6 class=\"elementor-heading-title elementor-size-default\">Colombia<\/h6>\t\t\t\t<\/div>\n\t\t\t\t<\/div>\n\t\t\t\t\t<\/div>\n\t\t<\/div>\n\t\t\t\t<div class=\"elementor-column elementor-col-33 elementor-inner-column elementor-element elementor-element-8d365e1\" data-id=\"8d365e1\" data-element_type=\"column\" data-e-type=\"column\" data-settings=\"{&quot;background_background&quot;:&quot;classic&quot;}\">\n\t\t\t<div class=\"elementor-widget-wrap elementor-element-populated\">\n\t\t\t\t\t\t<div class=\"elementor-element elementor-element-222575b elementor-widget elementor-widget-heading\" data-id=\"222575b\" data-element_type=\"widget\" data-e-type=\"widget\" data-widget_type=\"heading.default\">\n\t\t\t\t<div class=\"elementor-widget-container\">\n\t\t\t\t\t<p class=\"elementor-heading-title elementor-size-default\">Your signature move?<\/p>\t\t\t\t<\/div>\n\t\t\t\t<\/div>\n\t\t\t\t<div class=\"elementor-element elementor-element-6b9fcf8 elementor-widget elementor-widget-heading\" data-id=\"6b9fcf8\" data-element_type=\"widget\" data-e-type=\"widget\" data-widget_type=\"heading.default\">\n\t\t\t\t<div class=\"elementor-widget-container\">\n\t\t\t\t\t<h6 class=\"elementor-heading-title elementor-size-default\">I just groove <\/h6>\t\t\t\t<\/div>\n\t\t\t\t<\/div>\n\t\t\t\t\t<\/div>\n\t\t<\/div>\n\t\t\t\t<div class=\"elementor-column elementor-col-33 elementor-inner-column elementor-element elementor-element-5f215cc\" data-id=\"5f215cc\" data-element_type=\"column\" data-e-type=\"column\" data-settings=\"{&quot;background_background&quot;:&quot;classic&quot;}\">\n\t\t\t<div class=\"elementor-widget-wrap elementor-element-populated\">\n\t\t\t\t\t\t<div class=\"elementor-element elementor-element-079c520 elementor-widget elementor-widget-heading\" data-id=\"079c520\" data-element_type=\"widget\" data-e-type=\"widget\" data-widget_type=\"heading.default\">\n\t\t\t\t<div class=\"elementor-widget-container\">\n\t\t\t\t\t<p class=\"elementor-heading-title elementor-size-default\">An artist ?<\/p>\t\t\t\t<\/div>\n\t\t\t\t<\/div>\n\t\t\t\t<div class=\"elementor-element elementor-element-f6509f5 elementor-widget elementor-widget-heading\" data-id=\"f6509f5\" data-element_type=\"widget\" data-e-type=\"widget\" data-widget_type=\"heading.default\">\n\t\t\t\t<div class=\"elementor-widget-container\">\n\t\t\t\t\t<h6 class=\"elementor-heading-title elementor-size-default\">Breezy<\/h6>\t\t\t\t<\/div>\n\t\t\t\t<\/div>\n\t\t\t\t\t<\/div>\n\t\t<\/div>\n\t\t\t\t\t<\/div>\n\t\t<\/section>\n\t\t\t\t<div class=\"elementor-element elementor-element-a4cb3be elementor-widget elementor-widget-html\" data-id=\"a4cb3be\" data-element_type=\"widget\" data-e-type=\"widget\" data-widget_type=\"html.default\">\n\t\t\t\t<div class=\"elementor-widget-container\">\n\t\t\t\t\t\r\n  <script type=\"text\/javascript\">\r\n    jQuery(document).on('ready', function() {\r\nif (jQuery(window).width() < 767) { \r\n        jQuery(\".about-coach .elementor-column-gap-default\").slick({\r\n        infinite: true,\r\n        prevArrow:'<button type=\"button\" class=\"slick-prev\"><img decoding=\"async\" src=\"https:\/\/www.decibel-danse.com\/wp-content\/uploads\/2022\/10\/FLECHE-3-left-MINI.svg\" alt=\"#\" width=\"31\" height=\"31\"><\/button>',\r\n        nextArrow: '<button type=\"button\" class=\"slick-next\"><img decoding=\"async\" src=\"https:\/\/www.decibel-danse.com\/wp-content\/uploads\/2022\/10\/FLECHE-3-MINI.svg\" width=\"31\" height=\"31\" alt=\"#\"><\/button>',\r\n        slidesToShow: 1,\r\n        slidesToScroll: 1,\r\n        arrows:true,\r\n        dots:false,\r\n        centerMode: true,\r\n  centerPadding: '0px',\r\n  infinite:false\r\n      });\r\n\r\n\t} else {\r\n\t    \r\n\t}\r\n            });\r\n<\/script>\t\t\t\t<\/div>\n\t\t\t\t<\/div>\n\t\t\t\t\t<\/div>\n\t\t<\/div>\n\t\t\t\t\t<\/div>\n\t\t<\/section>\n\t\t\t\t<\/div>","protected":false},"excerpt":{"rendered":"<p>VALENTINA Originaire de Colombie, Valentina incarne l\u2019\u00e9nergie, la passion et le mouvement. Elle a tout ce qu\u2019il faut dans le sang pour vous faire vibrer et bouger, vous pouvez lui faire confiance ! Danseuse professionnelle depuis 10 ans et passionn\u00e9e de sport, elle utilise ces deux univers comme moyen de s&rsquo;\u00e9l\u00e9ver et rester en perp\u00e9tuelle [&hellip;]<\/p>\n","protected":false},"author":28,"featured_media":18894,"parent":7569,"menu_order":0,"comment_status":"closed","ping_status":"closed","template":"","meta":{"_acf_changed":false,"footnotes":""},"class_list":["post-18898","page","type-page","status-publish","has-post-thumbnail","hentry"],"acf":[],"yoast_head":"<!-- This site is optimized with the Yoast SEO plugin v27.5 - https:\/\/yoast.com\/product\/yoast-seo-wordpress\/ -->\n<title>VALENTINA - Cours de danse Paris - Club dance adulte | DECIBEL Studio<\/title>\n<meta name=\"robots\" content=\"index, follow, max-snippet:-1, max-image-preview:large, max-video-preview:-1\" \/>\n<link rel=\"canonical\" href=\"https:\/\/www.decibel-danse.com\/en\/our-coaches\/valentina\/\" \/>\n<meta property=\"og:locale\" content=\"en_GB\" \/>\n<meta property=\"og:type\" content=\"article\" \/>\n<meta property=\"og:title\" content=\"VALENTINA - Cours de danse Paris - Club dance adulte | DECIBEL Studio\" \/>\n<meta property=\"og:description\" content=\"VALENTINA Originaire de Colombie, Valentina incarne l\u2019\u00e9nergie, la passion et le mouvement. Elle a tout ce qu\u2019il faut dans le sang pour vous faire vibrer et bouger, vous pouvez lui faire confiance ! Danseuse professionnelle depuis 10 ans et passionn\u00e9e de sport, elle utilise ces deux univers comme moyen de s&rsquo;\u00e9l\u00e9ver et rester en perp\u00e9tuelle [&hellip;]\" \/>\n<meta property=\"og:url\" content=\"https:\/\/www.decibel-danse.com\/en\/our-coaches\/valentina\/\" \/>\n<meta property=\"og:site_name\" content=\"Cours de danse Paris - Club dance adulte | DECIBEL Studio\" \/>\n<meta property=\"article:modified_time\" content=\"2025-01-09T13:30:18+00:00\" \/>\n<meta property=\"og:image\" content=\"https:\/\/www.decibel-danse.com\/wp-content\/uploads\/2025\/01\/VALENTINA-BASE-810x1024.png\" \/>\n\t<meta property=\"og:image:width\" content=\"810\" \/>\n\t<meta property=\"og:image:height\" content=\"1024\" \/>\n\t<meta property=\"og:image:type\" content=\"image\/png\" \/>\n<meta name=\"twitter:card\" content=\"summary_large_image\" \/>\n<meta name=\"twitter:label1\" content=\"Estimated reading time\" \/>\n\t<meta name=\"twitter:data1\" content=\"1 minute\" \/>\n<script type=\"application\/ld+json\" class=\"yoast-schema-graph\">{\"@context\":\"https:\\\/\\\/schema.org\",\"@graph\":[{\"@type\":\"WebPage\",\"@id\":\"https:\\\/\\\/www.decibel-danse.com\\\/nos-coachs\\\/valentina\\\/\",\"url\":\"https:\\\/\\\/www.decibel-danse.com\\\/nos-coachs\\\/valentina\\\/\",\"name\":\"VALENTINA - Cours de danse Paris - Club dance adulte | DECIBEL Studio\",\"isPartOf\":{\"@id\":\"https:\\\/\\\/www.decibel-danse.com\\\/#website\"},\"primaryImageOfPage\":{\"@id\":\"https:\\\/\\\/www.decibel-danse.com\\\/nos-coachs\\\/valentina\\\/#primaryimage\"},\"image\":{\"@id\":\"https:\\\/\\\/www.decibel-danse.com\\\/nos-coachs\\\/valentina\\\/#primaryimage\"},\"thumbnailUrl\":\"https:\\\/\\\/www.decibel-danse.com\\\/wp-content\\\/uploads\\\/2025\\\/01\\\/VALENTINA-BASE.png\",\"datePublished\":\"2025-01-09T10:59:16+00:00\",\"dateModified\":\"2025-01-09T13:30:18+00:00\",\"breadcrumb\":{\"@id\":\"https:\\\/\\\/www.decibel-danse.com\\\/nos-coachs\\\/valentina\\\/#breadcrumb\"},\"inLanguage\":\"en-GB\",\"potentialAction\":[{\"@type\":\"ReadAction\",\"target\":[\"https:\\\/\\\/www.decibel-danse.com\\\/nos-coachs\\\/valentina\\\/\"]}]},{\"@type\":\"ImageObject\",\"inLanguage\":\"en-GB\",\"@id\":\"https:\\\/\\\/www.decibel-danse.com\\\/nos-coachs\\\/valentina\\\/#primaryimage\",\"url\":\"https:\\\/\\\/www.decibel-danse.com\\\/wp-content\\\/uploads\\\/2025\\\/01\\\/VALENTINA-BASE.png\",\"contentUrl\":\"https:\\\/\\\/www.decibel-danse.com\\\/wp-content\\\/uploads\\\/2025\\\/01\\\/VALENTINA-BASE.png\",\"width\":1520,\"height\":1921,\"caption\":\"Coach Decibel Valentina\"},{\"@type\":\"BreadcrumbList\",\"@id\":\"https:\\\/\\\/www.decibel-danse.com\\\/nos-coachs\\\/valentina\\\/#breadcrumb\",\"itemListElement\":[{\"@type\":\"ListItem\",\"position\":1,\"name\":\"Accueil\",\"item\":\"https:\\\/\\\/www.decibel-danse.com\\\/\"},{\"@type\":\"ListItem\",\"position\":2,\"name\":\"Nos coachs\",\"item\":\"https:\\\/\\\/www.decibel-danse.com\\\/nos-coachs\\\/\"},{\"@type\":\"ListItem\",\"position\":3,\"name\":\"VALENTINA\"}]},{\"@type\":\"WebSite\",\"@id\":\"https:\\\/\\\/www.decibel-danse.com\\\/#website\",\"url\":\"https:\\\/\\\/www.decibel-danse.com\\\/\",\"name\":\"Cours de danse Paris - Club dance adulte | DECIBEL Studio\",\"description\":\"\",\"publisher\":{\"@id\":\"https:\\\/\\\/www.decibel-danse.com\\\/#organization\"},\"potentialAction\":[{\"@type\":\"SearchAction\",\"target\":{\"@type\":\"EntryPoint\",\"urlTemplate\":\"https:\\\/\\\/www.decibel-danse.com\\\/?s={search_term_string}\"},\"query-input\":{\"@type\":\"PropertyValueSpecification\",\"valueRequired\":true,\"valueName\":\"search_term_string\"}}],\"inLanguage\":\"en-GB\"},{\"@type\":\"Organization\",\"@id\":\"https:\\\/\\\/www.decibel-danse.com\\\/#organization\",\"name\":\"Cours de danse Paris - Club dance adulte | DECIBEL Studio\",\"url\":\"https:\\\/\\\/www.decibel-danse.com\\\/\",\"logo\":{\"@type\":\"ImageObject\",\"inLanguage\":\"en-GB\",\"@id\":\"https:\\\/\\\/www.decibel-danse.com\\\/#\\\/schema\\\/logo\\\/image\\\/\",\"url\":\"https:\\\/\\\/www.decibel-danse.com\\\/wp-content\\\/uploads\\\/2022\\\/10\\\/decibel.svg\",\"contentUrl\":\"https:\\\/\\\/www.decibel-danse.com\\\/wp-content\\\/uploads\\\/2022\\\/10\\\/decibel.svg\",\"caption\":\"Cours de danse Paris - Club dance adulte | DECIBEL Studio\"},\"image\":{\"@id\":\"https:\\\/\\\/www.decibel-danse.com\\\/#\\\/schema\\\/logo\\\/image\\\/\"},\"sameAs\":[\"https:\\\/\\\/www.instagram.com\\\/decibel___studio\\\/\"]}]}<\/script>\n<!-- \/ Yoast SEO plugin. -->","yoast_head_json":{"title":"VALENTINA - Dance lessons Paris - Club dance adulte | DECIBEL Studio","robots":{"index":"index","follow":"follow","max-snippet":"max-snippet:-1","max-image-preview":"max-image-preview:large","max-video-preview":"max-video-preview:-1"},"canonical":"https:\/\/www.decibel-danse.com\/en\/our-coaches\/valentina\/","og_locale":"en_GB","og_type":"article","og_title":"VALENTINA - Cours de danse Paris - Club dance adulte | DECIBEL Studio","og_description":"VALENTINA Originaire de Colombie, Valentina incarne l\u2019\u00e9nergie, la passion et le mouvement. Elle a tout ce qu\u2019il faut dans le sang pour vous faire vibrer et bouger, vous pouvez lui faire confiance ! Danseuse professionnelle depuis 10 ans et passionn\u00e9e de sport, elle utilise ces deux univers comme moyen de s&rsquo;\u00e9l\u00e9ver et rester en perp\u00e9tuelle [&hellip;]","og_url":"https:\/\/www.decibel-danse.com\/en\/our-coaches\/valentina\/","og_site_name":"Cours de danse Paris - Club dance adulte | DECIBEL Studio","article_modified_time":"2025-01-09T13:30:18+00:00","og_image":[{"width":810,"height":1024,"url":"https:\/\/www.decibel-danse.com\/wp-content\/uploads\/2025\/01\/VALENTINA-BASE-810x1024.png","type":"image\/png"}],"twitter_card":"summary_large_image","twitter_misc":{"Estimated reading time":"1 minute"},"schema":{"@context":"https:\/\/schema.org","@graph":[{"@type":"WebPage","@id":"https:\/\/www.decibel-danse.com\/nos-coachs\/valentina\/","url":"https:\/\/www.decibel-danse.com\/nos-coachs\/valentina\/","name":"VALENTINA - Dance lessons Paris - Club dance adulte | DECIBEL Studio","isPartOf":{"@id":"https:\/\/www.decibel-danse.com\/#website"},"primaryImageOfPage":{"@id":"https:\/\/www.decibel-danse.com\/nos-coachs\/valentina\/#primaryimage"},"image":{"@id":"https:\/\/www.decibel-danse.com\/nos-coachs\/valentina\/#primaryimage"},"thumbnailUrl":"https:\/\/www.decibel-danse.com\/wp-content\/uploads\/2025\/01\/VALENTINA-BASE.png","datePublished":"2025-01-09T10:59:16+00:00","dateModified":"2025-01-09T13:30:18+00:00","breadcrumb":{"@id":"https:\/\/www.decibel-danse.com\/nos-coachs\/valentina\/#breadcrumb"},"inLanguage":"en-GB","potentialAction":[{"@type":"ReadAction","target":["https:\/\/www.decibel-danse.com\/nos-coachs\/valentina\/"]}]},{"@type":"ImageObject","inLanguage":"en-GB","@id":"https:\/\/www.decibel-danse.com\/nos-coachs\/valentina\/#primaryimage","url":"https:\/\/www.decibel-danse.com\/wp-content\/uploads\/2025\/01\/VALENTINA-BASE.png","contentUrl":"https:\/\/www.decibel-danse.com\/wp-content\/uploads\/2025\/01\/VALENTINA-BASE.png","width":1520,"height":1921,"caption":"Coach Decibel Valentina"},{"@type":"BreadcrumbList","@id":"https:\/\/www.decibel-danse.com\/nos-coachs\/valentina\/#breadcrumb","itemListElement":[{"@type":"ListItem","position":1,"name":"Accueil","item":"https:\/\/www.decibel-danse.com\/"},{"@type":"ListItem","position":2,"name":"Nos coachs","item":"https:\/\/www.decibel-danse.com\/nos-coachs\/"},{"@type":"ListItem","position":3,"name":"VALENTINA"}]},{"@type":"WebSite","@id":"https:\/\/www.decibel-danse.com\/#website","url":"https:\/\/www.decibel-danse.com\/","name":"Dance lessons Paris - Adult dance club | DECIBEL Studio","description":"","publisher":{"@id":"https:\/\/www.decibel-danse.com\/#organization"},"potentialAction":[{"@type":"SearchAction","target":{"@type":"EntryPoint","urlTemplate":"https:\/\/www.decibel-danse.com\/?s={search_term_string}"},"query-input":{"@type":"PropertyValueSpecification","valueRequired":true,"valueName":"search_term_string"}}],"inLanguage":"en-GB"},{"@type":"Organization","@id":"https:\/\/www.decibel-danse.com\/#organization","name":"Dance lessons Paris - Adult dance club | DECIBEL Studio","url":"https:\/\/www.decibel-danse.com\/","logo":{"@type":"ImageObject","inLanguage":"en-GB","@id":"https:\/\/www.decibel-danse.com\/#\/schema\/logo\/image\/","url":"https:\/\/www.decibel-danse.com\/wp-content\/uploads\/2022\/10\/decibel.svg","contentUrl":"https:\/\/www.decibel-danse.com\/wp-content\/uploads\/2022\/10\/decibel.svg","caption":"Cours de danse Paris - Club dance adulte | DECIBEL Studio"},"image":{"@id":"https:\/\/www.decibel-danse.com\/#\/schema\/logo\/image\/"},"sameAs":["https:\/\/www.instagram.com\/decibel___studio\/"]}]}},"jetpack_sharing_enabled":true,"publishpress_future_action":{"enabled":false,"date":"2026-05-09 09:40:03","action":"change-status","newStatus":"draft","terms":[],"taxonomy":"","extraData":[]},"publishpress_future_workflow_manual_trigger":{"enabledWorkflows":[]},"_links":{"self":[{"href":"https:\/\/www.decibel-danse.com\/en\/wp-json\/wp\/v2\/pages\/18898","targetHints":{"allow":["GET"]}}],"collection":[{"href":"https:\/\/www.decibel-danse.com\/en\/wp-json\/wp\/v2\/pages"}],"about":[{"href":"https:\/\/www.decibel-danse.com\/en\/wp-json\/wp\/v2\/types\/page"}],"author":[{"embeddable":true,"href":"https:\/\/www.decibel-danse.com\/en\/wp-json\/wp\/v2\/users\/28"}],"replies":[{"embeddable":true,"href":"https:\/\/www.decibel-danse.com\/en\/wp-json\/wp\/v2\/comments?post=18898"}],"version-history":[{"count":3,"href":"https:\/\/www.decibel-danse.com\/en\/wp-json\/wp\/v2\/pages\/18898\/revisions"}],"predecessor-version":[{"id":18913,"href":"https:\/\/www.decibel-danse.com\/en\/wp-json\/wp\/v2\/pages\/18898\/revisions\/18913"}],"up":[{"embeddable":true,"href":"https:\/\/www.decibel-danse.com\/en\/wp-json\/wp\/v2\/pages\/7569"}],"wp:featuredmedia":[{"embeddable":true,"href":"https:\/\/www.decibel-danse.com\/en\/wp-json\/wp\/v2\/media\/18894"}],"wp:attachment":[{"href":"https:\/\/www.decibel-danse.com\/en\/wp-json\/wp\/v2\/media?parent=18898"}],"curies":[{"name":"wp","href":"https:\/\/api.w.org\/{rel}","templated":true}]}}