{"id":7569,"date":"2022-10-21T15:15:54","date_gmt":"2022-10-21T13:15:54","guid":{"rendered":"https:\/\/www.decibel-danse.com\/?page_id=7569"},"modified":"2026-03-09T10:58:48","modified_gmt":"2026-03-09T09:58:48","slug":"our-coaches","status":"publish","type":"page","link":"https:\/\/www.decibel-danse.com\/en\/our-coaches\/","title":{"rendered":"Our trainers"},"content":{"rendered":"<div data-elementor-type=\"wp-page\" data-elementor-id=\"7569\" class=\"elementor elementor-7569\" data-elementor-post-type=\"page\">\n\t\t\t\t\t\t<section class=\"elementor-section elementor-top-section elementor-element elementor-element-17959e2 elementor-section-boxed elementor-section-height-default elementor-section-height-default\" data-id=\"17959e2\" data-element_type=\"section\" data-e-type=\"section\">\n\t\t\t\t\t\t<div class=\"elementor-container elementor-column-gap-default\">\n\t\t\t\t\t<div class=\"elementor-column elementor-col-25 elementor-top-column elementor-element elementor-element-dd388e9 elementor-hidden-phone\" data-id=\"dd388e9\" data-element_type=\"column\" data-e-type=\"column\">\n\t\t\t<div class=\"elementor-widget-wrap\">\n\t\t\t\t\t\t\t<\/div>\n\t\t<\/div>\n\t\t\t\t<div class=\"elementor-column elementor-col-50 elementor-top-column elementor-element elementor-element-794a756\" data-id=\"794a756\" data-element_type=\"column\" data-e-type=\"column\">\n\t\t\t<div class=\"elementor-widget-wrap elementor-element-populated\">\n\t\t\t\t\t\t<div class=\"elementor-element elementor-element-857cfa4 elementor-widget elementor-widget-heading\" data-id=\"857cfa4\" data-element_type=\"widget\" data-e-type=\"widget\" data-widget_type=\"heading.default\">\n\t\t\t\t<div class=\"elementor-widget-container\">\n\t\t\t\t\t<h1 class=\"elementor-heading-title elementor-size-default\">Our trainers<\/h1>\t\t\t\t<\/div>\n\t\t\t\t<\/div>\n\t\t\t\t<div class=\"elementor-element elementor-element-b8e7fa8 elementor-widget elementor-widget-text-editor\" data-id=\"b8e7fa8\" data-element_type=\"widget\" data-e-type=\"widget\" data-widget_type=\"text-editor.default\">\n\t\t\t\t<div class=\"elementor-widget-container\">\n\t\t\t\t\t\t\t\t\t<p>Discover the profiles of the coaches who will set the pace for your sessions!<\/p>\t\t\t\t\t\t\t\t<\/div>\n\t\t\t\t<\/div>\n\t\t\t\t\t<\/div>\n\t\t<\/div>\n\t\t\t\t<div class=\"elementor-column elementor-col-25 elementor-top-column elementor-element elementor-element-819cf37 elementor-hidden-phone\" data-id=\"819cf37\" data-element_type=\"column\" data-e-type=\"column\">\n\t\t\t<div class=\"elementor-widget-wrap\">\n\t\t\t\t\t\t\t<\/div>\n\t\t<\/div>\n\t\t\t\t\t<\/div>\n\t\t<\/section>\n\t\t<div class=\"elementor-element elementor-element-ce672e3 e-flex e-con-boxed e-con e-parent\" data-id=\"ce672e3\" data-element_type=\"container\" data-e-type=\"container\">\n\t\t\t\t\t<div class=\"e-con-inner\">\n\t\t<div class=\"elementor-element elementor-element-e18696f e-con-full e-flex e-con e-child\" data-id=\"e18696f\" data-element_type=\"container\" data-e-type=\"container\">\n\t\t<a class=\"elementor-element elementor-element-e44a16d e-con-full e-flex e-con e-child\" data-id=\"e44a16d\" data-element_type=\"container\" data-e-type=\"container\" data-settings=\"{&quot;background_background&quot;:&quot;classic&quot;}\" href=\"https:\/\/www.decibel-danse.com\/en\/our-coaches\/aurelia\/\">\n\t\t\t\t<\/a>\n\t\t\t\t<\/div>\n\t\t<div class=\"elementor-element elementor-element-1970540 e-con-full e-flex e-con e-child\" data-id=\"1970540\" data-element_type=\"container\" data-e-type=\"container\">\n\t\t<a class=\"elementor-element elementor-element-2427cfe e-con-full e-flex e-con e-child\" data-id=\"2427cfe\" data-element_type=\"container\" data-e-type=\"container\" data-settings=\"{&quot;background_background&quot;:&quot;classic&quot;}\" href=\"https:\/\/www.decibel-danse.com\/en\/our-coaches\/justine\/\">\n\t\t\t\t<\/a>\n\t\t\t\t<\/div>\n\t\t<div class=\"elementor-element elementor-element-4a81090 e-con-full e-flex e-con e-child\" data-id=\"4a81090\" data-element_type=\"container\" data-e-type=\"container\">\n\t\t<a class=\"elementor-element elementor-element-0f4668c e-con-full e-flex e-con e-child\" data-id=\"0f4668c\" data-element_type=\"container\" data-e-type=\"container\" data-settings=\"{&quot;background_background&quot;:&quot;classic&quot;}\" href=\"https:\/\/www.decibel-danse.com\/en\/our-coaches\/maria\/\">\n\t\t\t\t<\/a>\n\t\t\t\t<\/div>\n\t\t\t\t\t<\/div>\n\t\t\t\t<\/div>\n\t\t<div class=\"elementor-element elementor-element-f803a0c e-flex e-con-boxed e-con e-parent\" data-id=\"f803a0c\" data-element_type=\"container\" data-e-type=\"container\">\n\t\t\t\t\t<div class=\"e-con-inner\">\n\t\t<div class=\"elementor-element elementor-element-942e626 e-con-full e-flex e-con e-child\" data-id=\"942e626\" data-element_type=\"container\" data-e-type=\"container\">\n\t\t<a class=\"elementor-element elementor-element-1b181a2 e-con-full e-flex e-con e-child\" data-id=\"1b181a2\" data-element_type=\"container\" data-e-type=\"container\" data-settings=\"{&quot;background_background&quot;:&quot;classic&quot;}\" href=\"https:\/\/www.decibel-danse.com\/en\/our-coaches\/samuel\/\">\n\t\t\t\t<\/a>\n\t\t\t\t<\/div>\n\t\t<div class=\"elementor-element elementor-element-02d9fb3 e-con-full e-flex e-con e-child\" data-id=\"02d9fb3\" data-element_type=\"container\" data-e-type=\"container\">\n\t\t<a class=\"elementor-element elementor-element-fcb5d0c e-con-full e-flex e-con e-child\" data-id=\"fcb5d0c\" data-element_type=\"container\" data-e-type=\"container\" data-settings=\"{&quot;background_background&quot;:&quot;classic&quot;}\" href=\"https:\/\/www.decibel-danse.com\/en\/our-coaches\/yaya\/\">\n\t\t\t\t<\/a>\n\t\t\t\t<\/div>\n\t\t<div class=\"elementor-element elementor-element-dde7033 e-con-full e-flex e-con e-child\" data-id=\"dde7033\" data-element_type=\"container\" data-e-type=\"container\">\n\t\t<a class=\"elementor-element elementor-element-404609e e-con-full e-flex e-con e-child\" data-id=\"404609e\" data-element_type=\"container\" data-e-type=\"container\" data-settings=\"{&quot;background_background&quot;:&quot;classic&quot;}\" href=\"https:\/\/www.decibel-danse.com\/en\/our-coaches\/esther\/\">\n\t\t\t\t<\/a>\n\t\t\t\t<\/div>\n\t\t\t\t\t<\/div>\n\t\t\t\t<\/div>\n\t\t<div class=\"elementor-element elementor-element-87d9b52 e-flex e-con-boxed e-con e-parent\" data-id=\"87d9b52\" data-element_type=\"container\" data-e-type=\"container\">\n\t\t\t\t\t<div class=\"e-con-inner\">\n\t\t<div class=\"elementor-element elementor-element-3264c4b e-con-full e-flex e-con e-child\" data-id=\"3264c4b\" data-element_type=\"container\" data-e-type=\"container\">\n\t\t<a class=\"elementor-element elementor-element-436f449 e-con-full e-flex e-con e-child\" data-id=\"436f449\" data-element_type=\"container\" data-e-type=\"container\" data-settings=\"{&quot;background_background&quot;:&quot;classic&quot;}\" href=\"https:\/\/www.decibel-danse.com\/en\/our-coaches\/valentina\/\">\n\t\t\t\t<\/a>\n\t\t\t\t<\/div>\n\t\t<div class=\"elementor-element elementor-element-4bb6e27 e-con-full e-flex e-con e-child\" data-id=\"4bb6e27\" data-element_type=\"container\" data-e-type=\"container\">\n\t\t\t\t<\/div>\n\t\t<div class=\"elementor-element elementor-element-a463b1e e-con-full e-flex e-con e-child\" data-id=\"a463b1e\" data-element_type=\"container\" data-e-type=\"container\">\n\t\t<a class=\"elementor-element elementor-element-fa0cab6 e-con-full elementor-hidden-desktop elementor-hidden-tablet elementor-hidden-mobile e-flex e-con e-child\" data-id=\"fa0cab6\" data-element_type=\"container\" data-e-type=\"container\" data-settings=\"{&quot;background_background&quot;:&quot;classic&quot;}\" href=\"https:\/\/www.decibel-danse.com\/en\/our-coaches\/camilla\/\">\n\t\t\t\t<\/a>\n\t\t\t\t<\/div>\n\t\t\t\t\t<\/div>\n\t\t\t\t<\/div>\n\t\t<div class=\"elementor-element elementor-element-426b22b e-flex e-con-boxed e-con e-parent\" data-id=\"426b22b\" data-element_type=\"container\" data-e-type=\"container\">\n\t\t\t\t\t<div class=\"e-con-inner\">\n\t\t<div class=\"elementor-element elementor-element-8b177e2 e-con-full e-flex e-con e-child\" data-id=\"8b177e2\" data-element_type=\"container\" data-e-type=\"container\">\n\t\t<a class=\"elementor-element elementor-element-c14c88b e-con-full elementor-hidden-desktop elementor-hidden-tablet elementor-hidden-mobile e-flex e-con e-child\" data-id=\"c14c88b\" data-element_type=\"container\" data-e-type=\"container\" data-settings=\"{&quot;background_background&quot;:&quot;classic&quot;}\" href=\"https:\/\/www.decibel-danse.com\/en\/our-coaches\/edwy\/\">\n\t\t\t\t<\/a>\n\t\t\t\t<\/div>\n\t\t<div class=\"elementor-element elementor-element-d3c8a39 e-con-full e-flex e-con e-child\" data-id=\"d3c8a39\" data-element_type=\"container\" data-e-type=\"container\">\n\t\t<a class=\"elementor-element elementor-element-2215ae3 e-con-full elementor-hidden-desktop elementor-hidden-tablet elementor-hidden-mobile e-flex e-con e-child\" data-id=\"2215ae3\" data-element_type=\"container\" data-e-type=\"container\" data-settings=\"{&quot;background_background&quot;:&quot;classic&quot;}\" href=\"https:\/\/www.decibel-danse.com\/en\/our-coaches\/marie\/\">\n\t\t\t\t<\/a>\n\t\t\t\t<\/div>\n\t\t<div class=\"elementor-element elementor-element-076b3b3 e-con-full e-flex e-con e-child\" data-id=\"076b3b3\" data-element_type=\"container\" data-e-type=\"container\">\n\t\t<a class=\"elementor-element elementor-element-fb06e76 e-con-full elementor-hidden-desktop elementor-hidden-tablet elementor-hidden-mobile e-flex e-con e-child\" data-id=\"fb06e76\" data-element_type=\"container\" data-e-type=\"container\" data-settings=\"{&quot;background_background&quot;:&quot;classic&quot;}\" href=\"https:\/\/www.decibel-danse.com\/en\/our-coaches\/samuel\/\">\n\t\t\t\t<\/a>\n\t\t\t\t<\/div>\n\t\t\t\t\t<\/div>\n\t\t\t\t<\/div>\n\t\t<div class=\"elementor-element elementor-element-e22993a e-flex e-con-boxed e-con e-parent\" data-id=\"e22993a\" data-element_type=\"container\" data-e-type=\"container\">\n\t\t\t\t\t<div class=\"e-con-inner\">\n\t\t<div class=\"elementor-element elementor-element-13a7e87 e-con-full e-flex e-con e-child\" data-id=\"13a7e87\" data-element_type=\"container\" data-e-type=\"container\">\n\t\t\t\t<div class=\"elementor-element elementor-element-6aa3b93 elementor-widget elementor-widget-image\" data-id=\"6aa3b93\" data-element_type=\"widget\" data-e-type=\"widget\" data-widget_type=\"image.default\">\n\t\t\t\t<div class=\"elementor-widget-container\">\n\t\t\t\t\t\t\t\t\t\t\t\t\t\t\t<img decoding=\"async\" width=\"1\" height=\"1\" src=\"https:\/\/www.decibel-danse.com\/wp-content\/uploads\/2024\/10\/Frame-1630.svg\" class=\"attachment-large size-large wp-image-18401\" alt=\"Level of intensity\" \/>\t\t\t\t\t\t\t\t\t\t\t\t\t\t\t<\/div>\n\t\t\t\t<\/div>\n\t\t\t\t<\/div>\n\t\t<div class=\"elementor-element elementor-element-e728ff3 e-con-full e-flex e-con e-child\" data-id=\"e728ff3\" data-element_type=\"container\" data-e-type=\"container\">\n\t\t\t\t<div class=\"elementor-element elementor-element-adb34a4 elementor-widget elementor-widget-heading\" data-id=\"adb34a4\" data-element_type=\"widget\" data-e-type=\"widget\" data-widget_type=\"heading.default\">\n\t\t\t\t<div class=\"elementor-widget-container\">\n\t\t\t\t\t<h2 class=\"elementor-heading-title elementor-size-default\">LEVEL OF INTENSITY<\/h2>\t\t\t\t<\/div>\n\t\t\t\t<\/div>\n\t\t\t\t<div class=\"elementor-element elementor-element-9ac867a elementor-widget elementor-widget-text-editor\" data-id=\"9ac867a\" data-element_type=\"widget\" data-e-type=\"widget\" data-widget_type=\"text-editor.default\">\n\t\t\t\t<div class=\"elementor-widget-container\">\n\t\t\t\t\t\t\t\t\t<p>The intensity of the sessions varies according to the profile of the coaches. From \"\u00a0<strong>Chill<\/strong>\u00a0\"for a gentle accompaniment to\u00a0<strong>Hell<\/strong>\u00a0\"for shouts of encouragement, with intermediate levels such as \"\u00a0<strong>Pep's<\/strong>\" , \"\u00a0<strong>Boost<\/strong>\u00a0\"and\u00a0<strong>Burning<\/strong>\" . Each session is adapted to the personality and energy of the coaches who lead our sessions.<\/p>\t\t\t\t\t\t\t\t<\/div>\n\t\t\t\t<\/div>\n\t\t\t\t<div class=\"elementor-element elementor-element-894c997 elementor-widget elementor-widget-heading\" data-id=\"894c997\" data-element_type=\"widget\" data-e-type=\"widget\" data-widget_type=\"heading.default\">\n\t\t\t\t<div class=\"elementor-widget-container\">\n\t\t\t\t\t<h2 class=\"elementor-heading-title elementor-size-default\"><a href=\"#elementor-action%3Aaction%3Dpopup%3Aopen%26settings%3DeyJpZCI6IjE4Mzk1IiwidG9nZ2xlIjpmYWxzZX0%3D\">Find out more<\/a><\/h2>\t\t\t\t<\/div>\n\t\t\t\t<\/div>\n\t\t\t\t<\/div>\n\t\t\t\t\t<\/div>\n\t\t\t\t<\/div>\n\t\t\t\t<\/div>","protected":false},"excerpt":{"rendered":"<p>Nos coachs D\u00e9couvrez les profils des coachs qui rythment vos sessions ! LEVEL OF INTENSITY Le degr\u00e9 d\u2019intensit\u00e9 des sessions varient en fonction du profil des coachs. De \u00ab\u00a0Chill\u00a0\u00bb pour un accompagnement doux \u00e0 \u00ab\u00a0Hell\u00a0\u00bb pour des cris d\u2019encouragements, avec des niveaux interm\u00e9diaires comme \u00ab\u00a0Pep\u2019s\u00ab\u00a0, \u00ab\u00a0Boost\u00a0\u00bb et \u00ab\u00a0Burning\u00ab\u00a0. Chaque s\u00e9ance s&rsquo;adapte \u00e0 la personnalit\u00e9 et [&hellip;]<\/p>\n","protected":false},"author":1,"featured_media":10611,"parent":0,"menu_order":0,"comment_status":"closed","ping_status":"closed","template":"","meta":{"_acf_changed":false,"footnotes":""},"class_list":["post-7569","page","type-page","status-publish","has-post-thumbnail","hentry"],"acf":[],"yoast_head":"<!-- This site is optimized with the Yoast SEO plugin v27.5 - https:\/\/yoast.com\/product\/yoast-seo-wordpress\/ -->\n<title>Nos coachs - Cours de danse Paris - Club dance adulte | DECIBEL Studio<\/title>\n<meta name=\"robots\" content=\"index, follow, max-snippet:-1, max-image-preview:large, max-video-preview:-1\" \/>\n<link rel=\"canonical\" href=\"https:\/\/www.decibel-danse.com\/en\/our-coaches\/\" \/>\n<meta property=\"og:locale\" content=\"en_GB\" \/>\n<meta property=\"og:type\" content=\"article\" \/>\n<meta property=\"og:title\" content=\"Nos coachs - Cours de danse Paris - Club dance adulte | DECIBEL Studio\" \/>\n<meta property=\"og:description\" content=\"Nos coachs D\u00e9couvrez les profils des coachs qui rythment vos sessions ! LEVEL OF INTENSITY Le degr\u00e9 d\u2019intensit\u00e9 des sessions varient en fonction du profil des coachs. De \u00ab\u00a0Chill\u00a0\u00bb pour un accompagnement doux \u00e0 \u00ab\u00a0Hell\u00a0\u00bb pour des cris d\u2019encouragements, avec des niveaux interm\u00e9diaires comme \u00ab\u00a0Pep\u2019s\u00ab\u00a0, \u00ab\u00a0Boost\u00a0\u00bb et \u00ab\u00a0Burning\u00ab\u00a0. Chaque s\u00e9ance s&rsquo;adapte \u00e0 la personnalit\u00e9 et [&hellip;]\" \/>\n<meta property=\"og:url\" content=\"https:\/\/www.decibel-danse.com\/en\/our-coaches\/\" \/>\n<meta property=\"og:site_name\" content=\"Cours de danse Paris - Club dance adulte | DECIBEL Studio\" \/>\n<meta property=\"article:modified_time\" content=\"2026-03-09T09:58:48+00:00\" \/>\n<meta property=\"og:image\" content=\"https:\/\/www.decibel-danse.com\/wp-content\/uploads\/2023\/01\/Sans-titre-2.png\" \/>\n\t<meta property=\"og:image:width\" content=\"600\" \/>\n\t<meta property=\"og:image:height\" content=\"600\" \/>\n\t<meta property=\"og:image:type\" content=\"image\/png\" \/>\n<meta name=\"twitter:card\" content=\"summary_large_image\" \/>\n<meta name=\"twitter:label1\" content=\"Estimated reading time\" \/>\n\t<meta name=\"twitter:data1\" content=\"1 minute\" \/>\n<script type=\"application\/ld+json\" class=\"yoast-schema-graph\">{\"@context\":\"https:\\\/\\\/schema.org\",\"@graph\":[{\"@type\":\"WebPage\",\"@id\":\"https:\\\/\\\/www.decibel-danse.com\\\/nos-coachs\\\/\",\"url\":\"https:\\\/\\\/www.decibel-danse.com\\\/nos-coachs\\\/\",\"name\":\"Nos coachs - Cours de danse Paris - Club dance adulte | DECIBEL Studio\",\"isPartOf\":{\"@id\":\"https:\\\/\\\/www.decibel-danse.com\\\/#website\"},\"primaryImageOfPage\":{\"@id\":\"https:\\\/\\\/www.decibel-danse.com\\\/nos-coachs\\\/#primaryimage\"},\"image\":{\"@id\":\"https:\\\/\\\/www.decibel-danse.com\\\/nos-coachs\\\/#primaryimage\"},\"thumbnailUrl\":\"https:\\\/\\\/www.decibel-danse.com\\\/wp-content\\\/uploads\\\/2023\\\/01\\\/Sans-titre-2.png\",\"datePublished\":\"2022-10-21T13:15:54+00:00\",\"dateModified\":\"2026-03-09T09:58:48+00:00\",\"breadcrumb\":{\"@id\":\"https:\\\/\\\/www.decibel-danse.com\\\/nos-coachs\\\/#breadcrumb\"},\"inLanguage\":\"en-GB\",\"potentialAction\":[{\"@type\":\"ReadAction\",\"target\":[\"https:\\\/\\\/www.decibel-danse.com\\\/nos-coachs\\\/\"]}]},{\"@type\":\"ImageObject\",\"inLanguage\":\"en-GB\",\"@id\":\"https:\\\/\\\/www.decibel-danse.com\\\/nos-coachs\\\/#primaryimage\",\"url\":\"https:\\\/\\\/www.decibel-danse.com\\\/wp-content\\\/uploads\\\/2023\\\/01\\\/Sans-titre-2.png\",\"contentUrl\":\"https:\\\/\\\/www.decibel-danse.com\\\/wp-content\\\/uploads\\\/2023\\\/01\\\/Sans-titre-2.png\",\"width\":600,\"height\":600},{\"@type\":\"BreadcrumbList\",\"@id\":\"https:\\\/\\\/www.decibel-danse.com\\\/nos-coachs\\\/#breadcrumb\",\"itemListElement\":[{\"@type\":\"ListItem\",\"position\":1,\"name\":\"Accueil\",\"item\":\"https:\\\/\\\/www.decibel-danse.com\\\/\"},{\"@type\":\"ListItem\",\"position\":2,\"name\":\"Nos coachs\"}]},{\"@type\":\"WebSite\",\"@id\":\"https:\\\/\\\/www.decibel-danse.com\\\/#website\",\"url\":\"https:\\\/\\\/www.decibel-danse.com\\\/\",\"name\":\"Cours de danse Paris - Club dance adulte | DECIBEL Studio\",\"description\":\"\",\"publisher\":{\"@id\":\"https:\\\/\\\/www.decibel-danse.com\\\/#organization\"},\"potentialAction\":[{\"@type\":\"SearchAction\",\"target\":{\"@type\":\"EntryPoint\",\"urlTemplate\":\"https:\\\/\\\/www.decibel-danse.com\\\/?s={search_term_string}\"},\"query-input\":{\"@type\":\"PropertyValueSpecification\",\"valueRequired\":true,\"valueName\":\"search_term_string\"}}],\"inLanguage\":\"en-GB\"},{\"@type\":\"Organization\",\"@id\":\"https:\\\/\\\/www.decibel-danse.com\\\/#organization\",\"name\":\"Cours de danse Paris - Club dance adulte | DECIBEL Studio\",\"url\":\"https:\\\/\\\/www.decibel-danse.com\\\/\",\"logo\":{\"@type\":\"ImageObject\",\"inLanguage\":\"en-GB\",\"@id\":\"https:\\\/\\\/www.decibel-danse.com\\\/#\\\/schema\\\/logo\\\/image\\\/\",\"url\":\"https:\\\/\\\/www.decibel-danse.com\\\/wp-content\\\/uploads\\\/2022\\\/10\\\/decibel.svg\",\"contentUrl\":\"https:\\\/\\\/www.decibel-danse.com\\\/wp-content\\\/uploads\\\/2022\\\/10\\\/decibel.svg\",\"caption\":\"Cours de danse Paris - Club dance adulte | DECIBEL Studio\"},\"image\":{\"@id\":\"https:\\\/\\\/www.decibel-danse.com\\\/#\\\/schema\\\/logo\\\/image\\\/\"},\"sameAs\":[\"https:\\\/\\\/www.instagram.com\\\/decibel___studio\\\/\"]}]}<\/script>\n<!-- \/ Yoast SEO plugin. -->","yoast_head_json":{"title":"Our coaches - Dance lessons Paris - Club dance adulte | DECIBEL Studio","robots":{"index":"index","follow":"follow","max-snippet":"max-snippet:-1","max-image-preview":"max-image-preview:large","max-video-preview":"max-video-preview:-1"},"canonical":"https:\/\/www.decibel-danse.com\/en\/our-coaches\/","og_locale":"en_GB","og_type":"article","og_title":"Nos coachs - Cours de danse Paris - Club dance adulte | DECIBEL Studio","og_description":"Nos coachs D\u00e9couvrez les profils des coachs qui rythment vos sessions ! LEVEL OF INTENSITY Le degr\u00e9 d\u2019intensit\u00e9 des sessions varient en fonction du profil des coachs. De \u00ab\u00a0Chill\u00a0\u00bb pour un accompagnement doux \u00e0 \u00ab\u00a0Hell\u00a0\u00bb pour des cris d\u2019encouragements, avec des niveaux interm\u00e9diaires comme \u00ab\u00a0Pep\u2019s\u00ab\u00a0, \u00ab\u00a0Boost\u00a0\u00bb et \u00ab\u00a0Burning\u00ab\u00a0. Chaque s\u00e9ance s&rsquo;adapte \u00e0 la personnalit\u00e9 et [&hellip;]","og_url":"https:\/\/www.decibel-danse.com\/en\/our-coaches\/","og_site_name":"Cours de danse Paris - Club dance adulte | DECIBEL Studio","article_modified_time":"2026-03-09T09:58:48+00:00","og_image":[{"width":600,"height":600,"url":"https:\/\/www.decibel-danse.com\/wp-content\/uploads\/2023\/01\/Sans-titre-2.png","type":"image\/png"}],"twitter_card":"summary_large_image","twitter_misc":{"Estimated reading time":"1 minute"},"schema":{"@context":"https:\/\/schema.org","@graph":[{"@type":"WebPage","@id":"https:\/\/www.decibel-danse.com\/nos-coachs\/","url":"https:\/\/www.decibel-danse.com\/nos-coachs\/","name":"Our coaches - Dance lessons Paris - Club dance adulte | DECIBEL Studio","isPartOf":{"@id":"https:\/\/www.decibel-danse.com\/#website"},"primaryImageOfPage":{"@id":"https:\/\/www.decibel-danse.com\/nos-coachs\/#primaryimage"},"image":{"@id":"https:\/\/www.decibel-danse.com\/nos-coachs\/#primaryimage"},"thumbnailUrl":"https:\/\/www.decibel-danse.com\/wp-content\/uploads\/2023\/01\/Sans-titre-2.png","datePublished":"2022-10-21T13:15:54+00:00","dateModified":"2026-03-09T09:58:48+00:00","breadcrumb":{"@id":"https:\/\/www.decibel-danse.com\/nos-coachs\/#breadcrumb"},"inLanguage":"en-GB","potentialAction":[{"@type":"ReadAction","target":["https:\/\/www.decibel-danse.com\/nos-coachs\/"]}]},{"@type":"ImageObject","inLanguage":"en-GB","@id":"https:\/\/www.decibel-danse.com\/nos-coachs\/#primaryimage","url":"https:\/\/www.decibel-danse.com\/wp-content\/uploads\/2023\/01\/Sans-titre-2.png","contentUrl":"https:\/\/www.decibel-danse.com\/wp-content\/uploads\/2023\/01\/Sans-titre-2.png","width":600,"height":600},{"@type":"BreadcrumbList","@id":"https:\/\/www.decibel-danse.com\/nos-coachs\/#breadcrumb","itemListElement":[{"@type":"ListItem","position":1,"name":"Accueil","item":"https:\/\/www.decibel-danse.com\/"},{"@type":"ListItem","position":2,"name":"Nos coachs"}]},{"@type":"WebSite","@id":"https:\/\/www.decibel-danse.com\/#website","url":"https:\/\/www.decibel-danse.com\/","name":"Dance lessons Paris - Adult dance club | DECIBEL Studio","description":"","publisher":{"@id":"https:\/\/www.decibel-danse.com\/#organization"},"potentialAction":[{"@type":"SearchAction","target":{"@type":"EntryPoint","urlTemplate":"https:\/\/www.decibel-danse.com\/?s={search_term_string}"},"query-input":{"@type":"PropertyValueSpecification","valueRequired":true,"valueName":"search_term_string"}}],"inLanguage":"en-GB"},{"@type":"Organization","@id":"https:\/\/www.decibel-danse.com\/#organization","name":"Dance lessons Paris - Adult dance club | DECIBEL Studio","url":"https:\/\/www.decibel-danse.com\/","logo":{"@type":"ImageObject","inLanguage":"en-GB","@id":"https:\/\/www.decibel-danse.com\/#\/schema\/logo\/image\/","url":"https:\/\/www.decibel-danse.com\/wp-content\/uploads\/2022\/10\/decibel.svg","contentUrl":"https:\/\/www.decibel-danse.com\/wp-content\/uploads\/2022\/10\/decibel.svg","caption":"Cours de danse Paris - Club dance adulte | DECIBEL Studio"},"image":{"@id":"https:\/\/www.decibel-danse.com\/#\/schema\/logo\/image\/"},"sameAs":["https:\/\/www.instagram.com\/decibel___studio\/"]}]}},"jetpack_sharing_enabled":true,"publishpress_future_action":{"enabled":false,"date":"2026-05-08 13:38:19","action":"change-status","newStatus":"draft","terms":[],"taxonomy":"","extraData":[]},"publishpress_future_workflow_manual_trigger":{"enabledWorkflows":[]},"_links":{"self":[{"href":"https:\/\/www.decibel-danse.com\/en\/wp-json\/wp\/v2\/pages\/7569","targetHints":{"allow":["GET"]}}],"collection":[{"href":"https:\/\/www.decibel-danse.com\/en\/wp-json\/wp\/v2\/pages"}],"about":[{"href":"https:\/\/www.decibel-danse.com\/en\/wp-json\/wp\/v2\/types\/page"}],"author":[{"embeddable":true,"href":"https:\/\/www.decibel-danse.com\/en\/wp-json\/wp\/v2\/users\/1"}],"replies":[{"embeddable":true,"href":"https:\/\/www.decibel-danse.com\/en\/wp-json\/wp\/v2\/comments?post=7569"}],"version-history":[{"count":3,"href":"https:\/\/www.decibel-danse.com\/en\/wp-json\/wp\/v2\/pages\/7569\/revisions"}],"predecessor-version":[{"id":20516,"href":"https:\/\/www.decibel-danse.com\/en\/wp-json\/wp\/v2\/pages\/7569\/revisions\/20516"}],"wp:featuredmedia":[{"embeddable":true,"href":"https:\/\/www.decibel-danse.com\/en\/wp-json\/wp\/v2\/media\/10611"}],"wp:attachment":[{"href":"https:\/\/www.decibel-danse.com\/en\/wp-json\/wp\/v2\/media?parent=7569"}],"curies":[{"name":"wp","href":"https:\/\/api.w.org\/{rel}","templated":true}]}}