{"id":8334,"date":"2022-11-16T16:57:28","date_gmt":"2022-11-16T15:57:28","guid":{"rendered":"https:\/\/www.decibel-danse.com\/concept-copy\/"},"modified":"2024-09-02T15:16:29","modified_gmt":"2024-09-02T13:16:29","slug":"refer-a-friend","status":"publish","type":"page","link":"https:\/\/www.decibel-danse.com\/en\/refer-a-friend\/","title":{"rendered":"refer a friend"},"content":{"rendered":"\t\t<div data-elementor-type=\"wp-page\" data-elementor-id=\"8334\" class=\"elementor elementor-8334\" data-elementor-post-type=\"page\">\n\t\t\t\t\t\t<section class=\"elementor-section elementor-top-section elementor-element elementor-element-106a39e elementor-section-height-min-height elementor-section-full_width elementor-section-height-default elementor-section-items-middle\" data-id=\"106a39e\" data-element_type=\"section\" data-e-type=\"section\" data-settings=\"{&quot;background_background&quot;:&quot;classic&quot;}\">\n\t\t\t\t\t\t\t<div class=\"elementor-background-overlay\"><\/div>\n\t\t\t\t\t\t\t<div class=\"elementor-container elementor-column-gap-default\">\n\t\t\t\t\t<div class=\"elementor-column elementor-col-100 elementor-top-column elementor-element elementor-element-791445d9\" data-id=\"791445d9\" data-element_type=\"column\" data-e-type=\"column\">\n\t\t\t<div class=\"elementor-widget-wrap elementor-element-populated\">\n\t\t\t\t\t\t<div class=\"elementor-element elementor-element-5bd4d368 main-title-w-yellowbar elementor-widget elementor-widget-heading\" data-id=\"5bd4d368\" data-element_type=\"widget\" data-e-type=\"widget\" data-widget_type=\"heading.default\">\n\t\t\t\t<div class=\"elementor-widget-container\">\n\t\t\t\t\t<h1 class=\"elementor-heading-title elementor-size-default\">WANNA DANCE WITH SOMEBODY ?<\/h1>\t\t\t\t<\/div>\n\t\t\t\t<\/div>\n\t\t\t\t<div class=\"elementor-element elementor-element-240d5aa elementor-widget elementor-widget-text-editor\" data-id=\"240d5aa\" data-element_type=\"widget\" data-e-type=\"widget\" data-widget_type=\"text-editor.default\">\n\t\t\t\t<div class=\"elementor-widget-container\">\n\t\t\t\t\t\t\t\t\tSoyez r\u00e9compens\u00e9s en partageant tout l&rsquo;amour que vous nous portez !<br><br><strong>Recevez 15\u20ac pour chaque ami parrain\u00e9, il recevra 15\u20ac en retour.<\/strong>\t\t\t\t\t\t\t\t<\/div>\n\t\t\t\t<\/div>\n\t\t\t\t\t<\/div>\n\t\t<\/div>\n\t\t\t\t\t<\/div>\n\t\t<\/section>\n\t\t\t\t<section class=\"elementor-section elementor-top-section elementor-element elementor-element-42df0d43 elementor-section-stretched elementor-section-full_width elementor-section-height-min-height elementor-section-items-stretch elementor-section-height-default\" data-id=\"42df0d43\" data-element_type=\"section\" data-e-type=\"section\" data-settings=\"{&quot;stretch_section&quot;:&quot;section-stretched&quot;}\">\n\t\t\t\t\t\t<div class=\"elementor-container elementor-column-gap-no\">\n\t\t\t\t\t<div class=\"elementor-column elementor-col-50 elementor-top-column elementor-element elementor-element-770c018\" data-id=\"770c018\" data-element_type=\"column\" data-e-type=\"column\" data-settings=\"{&quot;background_background&quot;:&quot;classic&quot;}\">\n\t\t\t<div class=\"elementor-widget-wrap elementor-element-populated\">\n\t\t\t\t\t\t<div class=\"elementor-element elementor-element-52d4e1a6 elementor-widget elementor-widget-spacer\" data-id=\"52d4e1a6\" data-element_type=\"widget\" data-e-type=\"widget\" data-widget_type=\"spacer.default\">\n\t\t\t\t<div class=\"elementor-widget-container\">\n\t\t\t\t\t\t\t<div class=\"elementor-spacer\">\n\t\t\t<div class=\"elementor-spacer-inner\"><\/div>\n\t\t<\/div>\n\t\t\t\t\t\t<\/div>\n\t\t\t\t<\/div>\n\t\t\t\t\t<\/div>\n\t\t<\/div>\n\t\t\t\t<div class=\"elementor-column elementor-col-50 elementor-top-column elementor-element elementor-element-613435a3\" data-id=\"613435a3\" data-element_type=\"column\" data-e-type=\"column\">\n\t\t\t<div class=\"elementor-widget-wrap elementor-element-populated\">\n\t\t\t\t\t\t<div class=\"elementor-element elementor-element-642ff70a elementor-widget elementor-widget-heading\" data-id=\"642ff70a\" data-element_type=\"widget\" data-e-type=\"widget\" data-widget_type=\"heading.default\">\n\t\t\t\t<div class=\"elementor-widget-container\">\n\t\t\t\t\t<h3 class=\"elementor-heading-title elementor-size-default\">comment \u00e7a marche<\/h3>\t\t\t\t<\/div>\n\t\t\t\t<\/div>\n\t\t\t\t<div class=\"elementor-element elementor-element-41201de elementor-widget__width-initial elementor-icon-list--layout-traditional elementor-list-item-link-full_width elementor-widget elementor-widget-icon-list\" data-id=\"41201de\" data-element_type=\"widget\" data-e-type=\"widget\" data-widget_type=\"icon-list.default\">\n\t\t\t\t<div class=\"elementor-widget-container\">\n\t\t\t\t\t\t\t<ul class=\"elementor-icon-list-items\">\n\t\t\t\t\t\t\t<li class=\"elementor-icon-list-item\">\n\t\t\t\t\t\t\t\t\t\t\t<span class=\"elementor-icon-list-icon\">\n\t\t\t\t\t\t\t<svg xmlns=\"http:\/\/www.w3.org\/2000\/svg\" width=\"44\" height=\"43\" viewBox=\"0 0 44 43\" fill=\"none\"><path d=\"M21.5703 27.25H23.2812V15.9766H21.5547L18.5859 18.0859V19.8047L21.5312 17.7109H21.5703V27.25Z\" fill=\"black\"><\/path><rect x=\"0.75\" y=\"1.5\" width=\"42.5\" height=\"40.5\" rx=\"20.25\" stroke=\"black\" stroke-width=\"1.5\"><\/rect><\/svg>\t\t\t\t\t\t<\/span>\n\t\t\t\t\t\t\t\t\t\t<span class=\"elementor-icon-list-text\">Connectez-vous \u00e0 votre compte  et acc\u00e9dez \u00e0 la page Parrainage.<\/span>\n\t\t\t\t\t\t\t\t\t<\/li>\n\t\t\t\t\t\t\t\t<li class=\"elementor-icon-list-item\">\n\t\t\t\t\t\t\t\t\t\t\t<span class=\"elementor-icon-list-icon\">\n\t\t\t\t\t\t\t<svg xmlns=\"http:\/\/www.w3.org\/2000\/svg\" width=\"44\" height=\"43\" viewBox=\"0 0 44 43\" fill=\"none\"><path d=\"M17.6484 18.7812V18.7969H19.3047V18.7734C19.3047 17.6016 20.2344 16.7109 21.4688 16.7109C22.6406 16.7109 23.5469 17.5078 23.5469 18.5078C23.5469 19.3906 23.1875 19.9844 21.8125 21.4141L17.7422 25.5625V26.75H25.4531V25.2734H20.1016V25.2344L22.9219 22.3984C24.5703 20.7109 25.2734 19.7344 25.2734 18.4219C25.2734 16.6328 23.6719 15.2656 21.5234 15.2656C19.2812 15.2656 17.6484 16.75 17.6484 18.7812Z\" fill=\"black\"><\/path><rect x=\"0.75\" y=\"1\" width=\"42.5\" height=\"40.5\" rx=\"20.25\" stroke=\"black\" stroke-width=\"1.5\"><\/rect><\/svg>\t\t\t\t\t\t<\/span>\n\t\t\t\t\t\t\t\t\t\t<span class=\"elementor-icon-list-text\">Copiez-collez le lien de parrainage ci-dessous et partagez-le \u00e0 vos proches.<\/span>\n\t\t\t\t\t\t\t\t\t<\/li>\n\t\t\t\t\t\t\t\t<li class=\"elementor-icon-list-item\">\n\t\t\t\t\t\t\t\t\t\t\t<span class=\"elementor-icon-list-icon\">\n\t\t\t\t\t\t\t<svg xmlns=\"http:\/\/www.w3.org\/2000\/svg\" width=\"44\" height=\"43\" viewBox=\"0 0 44 43\" fill=\"none\"><path d=\"M19.9844 21.6484H21.3906C22.875 21.6484 23.7969 22.3984 23.7969 23.6172C23.7969 24.7188 22.8125 25.5 21.4375 25.5C20.0156 25.5 19.125 24.7578 19.0156 23.6797H17.3359C17.4453 25.625 19.0078 26.9609 21.4375 26.9609C23.7891 26.9609 25.5781 25.6094 25.5781 23.6406C25.5781 22.0625 24.4844 21.0234 22.7891 20.9062V20.875C24.1875 20.625 25.1094 19.6172 25.1094 18.2109C25.1094 16.4766 23.5547 15.2656 21.4219 15.2656C19.1875 15.2656 17.6953 16.5391 17.5625 18.5156H19.2109C19.3125 17.4062 20.125 16.7031 21.3438 16.7031C22.6797 16.7031 23.3984 17.3984 23.3984 18.4453C23.3984 19.5078 22.5625 20.2734 21.3438 20.2734H19.9844V21.6484Z\" fill=\"black\"><\/path><rect x=\"0.75\" y=\"1\" width=\"42.5\" height=\"40.5\" rx=\"20.25\" stroke=\"black\" stroke-width=\"1.5\"><\/rect><\/svg>\t\t\t\t\t\t<\/span>\n\t\t\t\t\t\t\t\t\t\t<span class=\"elementor-icon-list-text\">Valable pour chaque nouveau membre parrain\u00e9 effectuant un achat d\u2019au moins 35\u20ac dans le mois suivant son inscription.<\/span>\n\t\t\t\t\t\t\t\t\t<\/li>\n\t\t\t\t\t\t<\/ul>\n\t\t\t\t\t\t<\/div>\n\t\t\t\t<\/div>\n\t\t\t\t<div class=\"elementor-element elementor-element-ab0c73c elementor-widget elementor-widget-html\" data-id=\"ab0c73c\" data-element_type=\"widget\" data-e-type=\"widget\" data-widget_type=\"html.default\">\n\t\t\t\t<div class=\"elementor-widget-container\">\n\t\t\t\t\t<script id=\"insert-bsport-widget-cdn\">!function (b, s, p, o, r, t) { !typeof window.BsportWidget !== \"undefined\" && !document.getElementById(\"bsport-widget-cdn\") && !function () { m = b.createElement(s), m.id = \"bsport-widget-cdn\", m.src = p, b.getElementsByTagName(\"head\")[0].appendChild(m) }() }(document, \"script\", \"https:\/\/cdn.bsport.io\/scripts\/widget.js\")<\/script>\r\n    <script id=\"bsport-widget-mount\">\r\n        function MountBsportWidget(config, repeat=1) {\r\n            if (repeat > 50) { return }\r\n            if (!window.BsportWidget) {\r\n                return setTimeout(() => {\r\n                    MountBsportWidget(config,repeat+1)\r\n                }, 100 * repeat || 1)\r\n            }\r\n            BsportWidget.mount(config)\r\n        }\r\n    <\/script>\r\n    <script>\r\n        MountBsportWidget({\r\n                \"parentElement\": \"bsport-widget-506907\",\r\n                \"companyId\": 2073,\r\n                \"franchiseId\": null,\r\n                \"dialogMode\": 1,\r\n                \"widgetType\": \"referral\", \r\n                \"showFab\": false,\r\n                \"fullScreenPopup\": false,\r\n                \"styles\":undefined,\r\n                \"config\": {\r\n                    \"referral\": {}\r\n                }  \r\n            })\r\n    <\/script>\r\n<div><div id=\"bsport-widget-506907\"\/><\/div>\t\t\t\t<\/div>\n\t\t\t\t<\/div>\n\t\t\t\t\t<\/div>\n\t\t<\/div>\n\t\t\t\t\t<\/div>\n\t\t<\/section>\n\t\t\t\t<\/div>\n\t\t","protected":false},"excerpt":{"rendered":"<p>WANNA DANCE WITH SOMEBODY ? Soyez r\u00e9compens\u00e9s en partageant tout l&rsquo;amour que vous nous portez ! Recevez 15\u20ac pour chaque ami parrain\u00e9, il recevra 15\u20ac en retour. comment \u00e7a marche Connectez-vous \u00e0 votre compte et acc\u00e9dez \u00e0 la page Parrainage. Copiez-collez le lien de parrainage ci-dessous et partagez-le \u00e0 vos proches. Valable pour chaque nouveau [&hellip;]<\/p>\n","protected":false},"author":1,"featured_media":10621,"parent":0,"menu_order":0,"comment_status":"closed","ping_status":"closed","template":"","meta":{"_acf_changed":false,"footnotes":""},"class_list":["post-8334","page","type-page","status-publish","has-post-thumbnail","hentry"],"acf":[],"yoast_head":"<!-- This site is optimized with the Yoast SEO plugin v27.4 - https:\/\/yoast.com\/product\/yoast-seo-wordpress\/ -->\n<title>Parrainage - Cours de danse Paris - Club dance adulte | DECIBEL Studio<\/title>\n<meta name=\"description\" content=\"Wanna dance with somebody ? Recevez 15\u20ac pour chaque ami parrain\u00e9, il recevra 15\u20ac en retour.\" \/>\n<meta name=\"robots\" content=\"index, follow, max-snippet:-1, max-image-preview:large, max-video-preview:-1\" \/>\n<link rel=\"canonical\" href=\"https:\/\/www.decibel-danse.com\/en\/refer-a-friend\/\" \/>\n<meta property=\"og:locale\" content=\"en_GB\" \/>\n<meta property=\"og:type\" content=\"article\" \/>\n<meta property=\"og:title\" content=\"Parrainage - Cours de danse Paris - Club dance adulte | DECIBEL Studio\" \/>\n<meta property=\"og:description\" content=\"Wanna dance with somebody ? Recevez 15\u20ac pour chaque ami parrain\u00e9, il recevra 15\u20ac en retour.\" \/>\n<meta property=\"og:url\" content=\"https:\/\/www.decibel-danse.com\/en\/refer-a-friend\/\" \/>\n<meta property=\"og:site_name\" content=\"Cours de danse Paris - Club dance adulte | DECIBEL Studio\" \/>\n<meta property=\"article:modified_time\" content=\"2024-09-02T13:16:29+00:00\" \/>\n<meta property=\"og:image\" content=\"https:\/\/www.decibel-danse.com\/wp-content\/uploads\/2023\/01\/Sans-titre-14.png\" \/>\n\t<meta property=\"og:image:width\" content=\"600\" \/>\n\t<meta property=\"og:image:height\" content=\"600\" \/>\n\t<meta property=\"og:image:type\" content=\"image\/png\" \/>\n<meta name=\"twitter:card\" content=\"summary_large_image\" \/>\n<meta name=\"twitter:label1\" content=\"Estimated reading time\" \/>\n\t<meta name=\"twitter:data1\" content=\"1 minute\" \/>\n<script type=\"application\/ld+json\" class=\"yoast-schema-graph\">{\"@context\":\"https:\\\/\\\/schema.org\",\"@graph\":[{\"@type\":\"WebPage\",\"@id\":\"https:\\\/\\\/www.decibel-danse.com\\\/parrainage\\\/\",\"url\":\"https:\\\/\\\/www.decibel-danse.com\\\/parrainage\\\/\",\"name\":\"Parrainage - Cours de danse Paris - Club dance adulte | DECIBEL Studio\",\"isPartOf\":{\"@id\":\"https:\\\/\\\/www.decibel-danse.com\\\/#website\"},\"primaryImageOfPage\":{\"@id\":\"https:\\\/\\\/www.decibel-danse.com\\\/parrainage\\\/#primaryimage\"},\"image\":{\"@id\":\"https:\\\/\\\/www.decibel-danse.com\\\/parrainage\\\/#primaryimage\"},\"thumbnailUrl\":\"https:\\\/\\\/www.decibel-danse.com\\\/wp-content\\\/uploads\\\/2023\\\/01\\\/Sans-titre-14.png\",\"datePublished\":\"2022-11-16T15:57:28+00:00\",\"dateModified\":\"2024-09-02T13:16:29+00:00\",\"description\":\"Wanna dance with somebody ? Recevez 15\u20ac pour chaque ami parrain\u00e9, il recevra 15\u20ac en retour.\",\"breadcrumb\":{\"@id\":\"https:\\\/\\\/www.decibel-danse.com\\\/parrainage\\\/#breadcrumb\"},\"inLanguage\":\"en-GB\",\"potentialAction\":[{\"@type\":\"ReadAction\",\"target\":[\"https:\\\/\\\/www.decibel-danse.com\\\/parrainage\\\/\"]}]},{\"@type\":\"ImageObject\",\"inLanguage\":\"en-GB\",\"@id\":\"https:\\\/\\\/www.decibel-danse.com\\\/parrainage\\\/#primaryimage\",\"url\":\"https:\\\/\\\/www.decibel-danse.com\\\/wp-content\\\/uploads\\\/2023\\\/01\\\/Sans-titre-14.png\",\"contentUrl\":\"https:\\\/\\\/www.decibel-danse.com\\\/wp-content\\\/uploads\\\/2023\\\/01\\\/Sans-titre-14.png\",\"width\":600,\"height\":600},{\"@type\":\"BreadcrumbList\",\"@id\":\"https:\\\/\\\/www.decibel-danse.com\\\/parrainage\\\/#breadcrumb\",\"itemListElement\":[{\"@type\":\"ListItem\",\"position\":1,\"name\":\"Accueil\",\"item\":\"https:\\\/\\\/www.decibel-danse.com\\\/\"},{\"@type\":\"ListItem\",\"position\":2,\"name\":\"Parrainage\"}]},{\"@type\":\"WebSite\",\"@id\":\"https:\\\/\\\/www.decibel-danse.com\\\/#website\",\"url\":\"https:\\\/\\\/www.decibel-danse.com\\\/\",\"name\":\"Cours de danse Paris - Club dance adulte | DECIBEL Studio\",\"description\":\"\",\"publisher\":{\"@id\":\"https:\\\/\\\/www.decibel-danse.com\\\/#organization\"},\"potentialAction\":[{\"@type\":\"SearchAction\",\"target\":{\"@type\":\"EntryPoint\",\"urlTemplate\":\"https:\\\/\\\/www.decibel-danse.com\\\/?s={search_term_string}\"},\"query-input\":{\"@type\":\"PropertyValueSpecification\",\"valueRequired\":true,\"valueName\":\"search_term_string\"}}],\"inLanguage\":\"en-GB\"},{\"@type\":\"Organization\",\"@id\":\"https:\\\/\\\/www.decibel-danse.com\\\/#organization\",\"name\":\"Cours de danse Paris - Club dance adulte | DECIBEL Studio\",\"url\":\"https:\\\/\\\/www.decibel-danse.com\\\/\",\"logo\":{\"@type\":\"ImageObject\",\"inLanguage\":\"en-GB\",\"@id\":\"https:\\\/\\\/www.decibel-danse.com\\\/#\\\/schema\\\/logo\\\/image\\\/\",\"url\":\"https:\\\/\\\/www.decibel-danse.com\\\/wp-content\\\/uploads\\\/2022\\\/10\\\/decibel.svg\",\"contentUrl\":\"https:\\\/\\\/www.decibel-danse.com\\\/wp-content\\\/uploads\\\/2022\\\/10\\\/decibel.svg\",\"caption\":\"Cours de danse Paris - Club dance adulte | DECIBEL Studio\"},\"image\":{\"@id\":\"https:\\\/\\\/www.decibel-danse.com\\\/#\\\/schema\\\/logo\\\/image\\\/\"},\"sameAs\":[\"https:\\\/\\\/www.instagram.com\\\/decibel___studio\\\/\"]}]}<\/script>\n<!-- \/ Yoast SEO plugin. -->","yoast_head_json":{"title":"Parrainage - Cours de danse Paris - Club dance adulte | DECIBEL Studio","description":"Wanna dance with somebody ? Recevez 15\u20ac pour chaque ami parrain\u00e9, il recevra 15\u20ac en retour.","robots":{"index":"index","follow":"follow","max-snippet":"max-snippet:-1","max-image-preview":"max-image-preview:large","max-video-preview":"max-video-preview:-1"},"canonical":"https:\/\/www.decibel-danse.com\/en\/refer-a-friend\/","og_locale":"en_GB","og_type":"article","og_title":"Parrainage - Cours de danse Paris - Club dance adulte | DECIBEL Studio","og_description":"Wanna dance with somebody ? Recevez 15\u20ac pour chaque ami parrain\u00e9, il recevra 15\u20ac en retour.","og_url":"https:\/\/www.decibel-danse.com\/en\/refer-a-friend\/","og_site_name":"Cours de danse Paris - Club dance adulte | DECIBEL Studio","article_modified_time":"2024-09-02T13:16:29+00:00","og_image":[{"width":600,"height":600,"url":"https:\/\/www.decibel-danse.com\/wp-content\/uploads\/2023\/01\/Sans-titre-14.png","type":"image\/png"}],"twitter_card":"summary_large_image","twitter_misc":{"Estimated reading time":"1 minute"},"schema":{"@context":"https:\/\/schema.org","@graph":[{"@type":"WebPage","@id":"https:\/\/www.decibel-danse.com\/parrainage\/","url":"https:\/\/www.decibel-danse.com\/parrainage\/","name":"Parrainage - Cours de danse Paris - Club dance adulte | DECIBEL Studio","isPartOf":{"@id":"https:\/\/www.decibel-danse.com\/#website"},"primaryImageOfPage":{"@id":"https:\/\/www.decibel-danse.com\/parrainage\/#primaryimage"},"image":{"@id":"https:\/\/www.decibel-danse.com\/parrainage\/#primaryimage"},"thumbnailUrl":"https:\/\/www.decibel-danse.com\/wp-content\/uploads\/2023\/01\/Sans-titre-14.png","datePublished":"2022-11-16T15:57:28+00:00","dateModified":"2024-09-02T13:16:29+00:00","description":"Wanna dance with somebody ? Recevez 15\u20ac pour chaque ami parrain\u00e9, il recevra 15\u20ac en retour.","breadcrumb":{"@id":"https:\/\/www.decibel-danse.com\/parrainage\/#breadcrumb"},"inLanguage":"en-GB","potentialAction":[{"@type":"ReadAction","target":["https:\/\/www.decibel-danse.com\/parrainage\/"]}]},{"@type":"ImageObject","inLanguage":"en-GB","@id":"https:\/\/www.decibel-danse.com\/parrainage\/#primaryimage","url":"https:\/\/www.decibel-danse.com\/wp-content\/uploads\/2023\/01\/Sans-titre-14.png","contentUrl":"https:\/\/www.decibel-danse.com\/wp-content\/uploads\/2023\/01\/Sans-titre-14.png","width":600,"height":600},{"@type":"BreadcrumbList","@id":"https:\/\/www.decibel-danse.com\/parrainage\/#breadcrumb","itemListElement":[{"@type":"ListItem","position":1,"name":"Accueil","item":"https:\/\/www.decibel-danse.com\/"},{"@type":"ListItem","position":2,"name":"Parrainage"}]},{"@type":"WebSite","@id":"https:\/\/www.decibel-danse.com\/#website","url":"https:\/\/www.decibel-danse.com\/","name":"Dance lessons Paris - Adult dance club | DECIBEL Studio","description":"","publisher":{"@id":"https:\/\/www.decibel-danse.com\/#organization"},"potentialAction":[{"@type":"SearchAction","target":{"@type":"EntryPoint","urlTemplate":"https:\/\/www.decibel-danse.com\/?s={search_term_string}"},"query-input":{"@type":"PropertyValueSpecification","valueRequired":true,"valueName":"search_term_string"}}],"inLanguage":"en-GB"},{"@type":"Organization","@id":"https:\/\/www.decibel-danse.com\/#organization","name":"Dance lessons Paris - Adult dance club | DECIBEL Studio","url":"https:\/\/www.decibel-danse.com\/","logo":{"@type":"ImageObject","inLanguage":"en-GB","@id":"https:\/\/www.decibel-danse.com\/#\/schema\/logo\/image\/","url":"https:\/\/www.decibel-danse.com\/wp-content\/uploads\/2022\/10\/decibel.svg","contentUrl":"https:\/\/www.decibel-danse.com\/wp-content\/uploads\/2022\/10\/decibel.svg","caption":"Cours de danse Paris - Club dance adulte | DECIBEL Studio"},"image":{"@id":"https:\/\/www.decibel-danse.com\/#\/schema\/logo\/image\/"},"sameAs":["https:\/\/www.instagram.com\/decibel___studio\/"]}]}},"jetpack_sharing_enabled":true,"publishpress_future_action":{"enabled":false,"date":"2026-04-21 18:17:22","action":"change-status","newStatus":"draft","terms":[],"taxonomy":"","extraData":[]},"publishpress_future_workflow_manual_trigger":{"enabledWorkflows":[]},"_links":{"self":[{"href":"https:\/\/www.decibel-danse.com\/en\/wp-json\/wp\/v2\/pages\/8334","targetHints":{"allow":["GET"]}}],"collection":[{"href":"https:\/\/www.decibel-danse.com\/en\/wp-json\/wp\/v2\/pages"}],"about":[{"href":"https:\/\/www.decibel-danse.com\/en\/wp-json\/wp\/v2\/types\/page"}],"author":[{"embeddable":true,"href":"https:\/\/www.decibel-danse.com\/en\/wp-json\/wp\/v2\/users\/1"}],"replies":[{"embeddable":true,"href":"https:\/\/www.decibel-danse.com\/en\/wp-json\/wp\/v2\/comments?post=8334"}],"version-history":[{"count":3,"href":"https:\/\/www.decibel-danse.com\/en\/wp-json\/wp\/v2\/pages\/8334\/revisions"}],"predecessor-version":[{"id":17752,"href":"https:\/\/www.decibel-danse.com\/en\/wp-json\/wp\/v2\/pages\/8334\/revisions\/17752"}],"wp:featuredmedia":[{"embeddable":true,"href":"https:\/\/www.decibel-danse.com\/en\/wp-json\/wp\/v2\/media\/10621"}],"wp:attachment":[{"href":"https:\/\/www.decibel-danse.com\/en\/wp-json\/wp\/v2\/media?parent=8334"}],"curies":[{"name":"wp","href":"https:\/\/api.w.org\/{rel}","templated":true}]}}